{"id":151,"date":"2022-06-30T14:14:53","date_gmt":"2022-06-30T14:14:53","guid":{"rendered":"https:\/\/alvespavimentacao.com.br\/novo\/?page_id=151"},"modified":"2025-08-19T23:10:00","modified_gmt":"2025-08-19T23:10:00","slug":"tipos-de-pavimentacao","status":"publish","type":"page","link":"https:\/\/alvespavimentacao.com.br\/novo\/tipos-de-pavimentacao\/","title":{"rendered":"Tipos de Pavimenta\u00e7\u00e3o"},"content":{"rendered":"\t\t<div data-elementor-type=\"wp-page\" data-elementor-id=\"151\" class=\"elementor elementor-151\">\n\t\t\t\t<div class=\"elementor-element elementor-element-31013e7 e-flex e-con-boxed e-con e-parent\" data-id=\"31013e7\" data-element_type=\"container\" data-e-type=\"container\">\n\t\t\t\t\t<div class=\"e-con-inner\">\n\t\t<div class=\"elementor-element elementor-element-756decf e-con-full e-flex e-con e-child\" data-id=\"756decf\" data-element_type=\"container\" data-e-type=\"container\">\n\t\t<div class=\"elementor-element elementor-element-cb72490 e-con-full e-flex e-con e-child\" data-id=\"cb72490\" data-element_type=\"container\" data-e-type=\"container\">\n\t\t<div class=\"elementor-element elementor-element-de2914c e-con-full e-flex e-con e-child\" data-id=\"de2914c\" data-element_type=\"container\" data-e-type=\"container\" data-settings=\"{&quot;background_background&quot;:&quot;classic&quot;}\">\n\t\t\t\t<div class=\"elementor-element elementor-element-14bb320 elementor-widget__width-inherit elementor-widget elementor-widget-image\" data-id=\"14bb320\" data-element_type=\"widget\" data-e-type=\"widget\" data-widget_type=\"image.default\">\n\t\t\t\t\t\t\t\t\t\t\t\t\t\t\t<img decoding=\"async\" data-src=\"https:\/\/alvespavimentacao.com.br\/novo\/wp-content\/uploads\/elementor\/thumbs\/cbqu_Colorido-1-rahwtjzsry1xk6p9gn8fc8naiwvcowcwftcea5ek0g.jpg\" title=\"cbqu_Colorido (1)\" alt=\"pavimenta\u00e7\u00e3o cbuq colorido\" src=\"data:image\/svg+xml;base64,PHN2ZyB3aWR0aD0iMSIgaGVpZ2h0PSIxIiB4bWxucz0iaHR0cDovL3d3dy53My5vcmcvMjAwMC9zdmciPjwvc3ZnPg==\" class=\"lazyload\" style=\"--smush-placeholder-width: 200px; --smush-placeholder-aspect-ratio: 200\/200;\" \/>\t\t\t\t\t\t\t\t\t\t\t\t\t\t\t<\/div>\n\t\t\t\t<\/div>\n\t\t<div class=\"elementor-element elementor-element-775a4d7 e-con-full e-flex e-con e-child\" data-id=\"775a4d7\" data-element_type=\"container\" data-e-type=\"container\" data-settings=\"{&quot;background_background&quot;:&quot;classic&quot;}\">\n\t\t<div class=\"elementor-element elementor-element-8a43c9d e-con-full e-flex e-con e-child\" data-id=\"8a43c9d\" data-element_type=\"container\" data-e-type=\"container\" data-settings=\"{&quot;background_background&quot;:&quot;classic&quot;}\">\n\t\t\t\t<div class=\"elementor-element elementor-element-6d468b2 elementor-widget elementor-widget-heading\" data-id=\"6d468b2\" data-element_type=\"widget\" data-e-type=\"widget\" data-widget_type=\"heading.default\">\n\t\t\t\t\t<h2 class=\"elementor-heading-title elementor-size-default\">TIPOS DE ASFALTO<\/h2>\t\t\t\t<\/div>\n\t\t\t\t<div class=\"elementor-element elementor-element-9679cce elementor-widget elementor-widget-text-editor\" data-id=\"9679cce\" data-element_type=\"widget\" data-e-type=\"widget\" data-widget_type=\"text-editor.default\">\n\t\t\t\t\t\t\t\t\t<p><span style=\"vertical-align: inherit;\"><span style=\"vertical-align: inherit;\"><span style=\"vertical-align: inherit;\"><span style=\"vertical-align: inherit;\"><span style=\"vertical-align: inherit;\"><span style=\"vertical-align: inherit;\">\u00a0<\/span><\/span><\/span><\/span><\/span><\/span><\/p><p data-start=\"135\" data-end=\"425\">O <strong data-start=\"137\" data-end=\"148\">asfalto<\/strong> \u00e9 o ligante betuminoso mais utilizado em pavimenta\u00e7\u00e3o rodovi\u00e1ria, por sua <strong data-start=\"223\" data-end=\"270\">ader\u00eancia, impermeabilidade e flexibilidade<\/strong>. Ele pode ser encontrado em diferentes formas de aplica\u00e7\u00e3o e composi\u00e7\u00e3o, cada qual adequada a situa\u00e7\u00f5es espec\u00edficas de tr\u00e1fego, clima e demanda t\u00e9cnica.<\/p><p data-start=\"427\" data-end=\"494\"><strong data-start=\"427\" data-end=\"492\">1. Asfalto Convencional (CAP \u2013 Cimento Asf\u00e1ltico de Petr\u00f3leo)<\/strong><\/p><ul data-start=\"495\" data-end=\"778\"><li data-start=\"495\" data-end=\"533\"><p data-start=\"497\" data-end=\"533\">\u00c9 o tipo mais utilizado no Brasil.<\/p><\/li><li data-start=\"534\" data-end=\"625\"><p data-start=\"536\" data-end=\"625\">Aplicado principalmente na produ\u00e7\u00e3o do <strong data-start=\"575\" data-end=\"622\">CBUQ (Concreto Betuminoso Usinado a Quente)<\/strong>.<\/p><\/li><li data-start=\"626\" data-end=\"703\"><p data-start=\"628\" data-end=\"703\">Possui boa trabalhabilidade, resist\u00eancia e custo relativamente acess\u00edvel.<\/p><\/li><li data-start=\"704\" data-end=\"778\"><p data-start=\"706\" data-end=\"778\">Indicado para rodovias urbanas e interurbanas de tr\u00e1fego leve a m\u00e9dio.<\/p><\/li><\/ul><p data-start=\"780\" data-end=\"827\"><strong data-start=\"780\" data-end=\"825\">2. Asfalto Modificado por Pol\u00edmeros (AMP)<\/strong><\/p><ul data-start=\"828\" data-end=\"1156\"><li data-start=\"828\" data-end=\"992\"><p data-start=\"830\" data-end=\"992\">Recebe adi\u00e7\u00e3o de pol\u00edmeros (como SBS ou EVA) que aumentam a <strong data-start=\"890\" data-end=\"989\">elasticidade, resist\u00eancia \u00e0 deforma\u00e7\u00e3o permanente (trilhas de roda) e ao envelhecimento t\u00e9rmico<\/strong>.<\/p><\/li><li data-start=\"993\" data-end=\"1093\"><p data-start=\"995\" data-end=\"1093\">Indicado para rodovias de tr\u00e1fego intenso e pesado, pistas de aeroportos e corredores de \u00f4nibus.<\/p><\/li><li data-start=\"1094\" data-end=\"1156\"><p data-start=\"1096\" data-end=\"1156\">Maior custo inicial, mas melhor desempenho e durabilidade.<\/p><\/li><\/ul><p data-start=\"1158\" data-end=\"1183\"><strong data-start=\"1158\" data-end=\"1181\">3. Asfalto Borracha<\/strong><\/p><ul data-start=\"1184\" data-end=\"1521\"><li data-start=\"1184\" data-end=\"1251\"><p data-start=\"1186\" data-end=\"1251\">Produzido com adi\u00e7\u00e3o de <strong data-start=\"1210\" data-end=\"1248\">borracha mo\u00edda de pneus reciclados<\/strong>.<\/p><\/li><li data-start=\"1252\" data-end=\"1346\"><p data-start=\"1254\" data-end=\"1346\">Proporciona maior <strong data-start=\"1272\" data-end=\"1343\">resist\u00eancia ao envelhecimento, melhor ader\u00eancia e redu\u00e7\u00e3o de ru\u00eddos<\/strong>.<\/p><\/li><li data-start=\"1347\" data-end=\"1419\"><p data-start=\"1349\" data-end=\"1419\">Contribui para a sustentabilidade, ao reaproveitar res\u00edduos s\u00f3lidos.<\/p><\/li><li data-start=\"1420\" data-end=\"1521\"><p data-start=\"1422\" data-end=\"1521\">Amplamente utilizado em rodovias de tr\u00e1fego intenso e em locais que buscam solu\u00e7\u00f5es sustent\u00e1veis.<\/p><\/li><\/ul><p data-start=\"1523\" data-end=\"1552\"><strong data-start=\"1523\" data-end=\"1550\">4. Asfalto Dilu\u00eddo (AD)<\/strong><\/p><ul data-start=\"1553\" data-end=\"1828\"><li data-start=\"1553\" data-end=\"1620\"><p data-start=\"1555\" data-end=\"1620\">Obtido pela mistura do CAP com solventes derivados de petr\u00f3leo.<\/p><\/li><li data-start=\"1621\" data-end=\"1739\"><p data-start=\"1623\" data-end=\"1739\">Utilizado a frio, principalmente em obras de <strong data-start=\"1668\" data-end=\"1736\">revestimento prim\u00e1rio, manuten\u00e7\u00e3o ou em locais de dif\u00edcil acesso<\/strong>.<\/p><\/li><li data-start=\"1740\" data-end=\"1828\"><p data-start=\"1742\" data-end=\"1828\">Menos comum atualmente devido a quest\u00f5es ambientais e pela prefer\u00eancia por emuls\u00f5es.<\/p><\/li><\/ul><p data-start=\"1830\" data-end=\"1863\"><strong data-start=\"1830\" data-end=\"1861\">5. Asfalto Emulsionado (AE)<\/strong><\/p><ul data-start=\"1864\" data-end=\"2159\"><li data-start=\"1864\" data-end=\"1935\"><p data-start=\"1866\" data-end=\"1935\">Constitu\u00eddo por CAP disperso em \u00e1gua com aux\u00edlio de emulsificantes.<\/p><\/li><li data-start=\"1936\" data-end=\"1997\"><p data-start=\"1938\" data-end=\"1997\">Pode ser aplicado a frio, reduzindo o consumo de energia.<\/p><\/li><li data-start=\"1998\" data-end=\"2097\"><p data-start=\"2000\" data-end=\"2097\">Muito usado em <strong data-start=\"2015\" data-end=\"2094\">tratamentos superficiais, manuten\u00e7\u00e3o, reciclagem de pavimentos e imprima\u00e7\u00e3o<\/strong>.<\/p><\/li><li data-start=\"2098\" data-end=\"2159\"><p data-start=\"2100\" data-end=\"2159\">Apresenta vantagens ambientais e facilidade de aplica\u00e7\u00e3o.<\/p><\/li><\/ul><p data-start=\"2161\" data-end=\"2186\"><strong data-start=\"2161\" data-end=\"2184\">6. Asfalto Colorido<\/strong><\/p><ul data-start=\"2187\" data-end=\"2435\"><li data-start=\"2187\" data-end=\"2242\"><p data-start=\"2189\" data-end=\"2242\">Produzido a partir de CAP claro ou com pigmenta\u00e7\u00e3o.<\/p><\/li><li data-start=\"2243\" data-end=\"2362\"><p data-start=\"2245\" data-end=\"2362\">Indicado para <strong data-start=\"2259\" data-end=\"2359\">ciclovias, \u00e1reas urbanas de destaque, estacionamentos e faixas exclusivas de transporte coletivo<\/strong>.<\/p><\/li><li data-start=\"2363\" data-end=\"2435\"><p data-start=\"2365\" data-end=\"2435\">Al\u00e9m da fun\u00e7\u00e3o estrutural, tem apelo est\u00e9tico e de seguran\u00e7a vi\u00e1ria.<\/p><\/li><\/ul><div>Em resumo, os <strong data-start=\"2458\" data-end=\"2495\">tipos de asfalto hoje dispon\u00edveis<\/strong> v\u00e3o al\u00e9m do CAP convencional, incorporando <strong data-start=\"2539\" data-end=\"2589\">modificadores, emuls\u00f5es e materiais reciclados<\/strong>, que permitem maior durabilidade, seguran\u00e7a, sustentabilidade e adequa\u00e7\u00e3o \u00e0s diversas condi\u00e7\u00f5es de tr\u00e1fego e clima.<\/div>\t\t\t\t\t\t\t\t<\/div>\n\t\t\t\t<\/div>\n\t\t<div class=\"elementor-element elementor-element-56ded15 e-con-full e-flex e-con e-child\" data-id=\"56ded15\" data-element_type=\"container\" data-e-type=\"container\" data-settings=\"{&quot;background_background&quot;:&quot;classic&quot;}\">\n\t\t\t\t<div class=\"elementor-element elementor-element-99484eb elementor-widget elementor-widget-image\" data-id=\"99484eb\" data-element_type=\"widget\" data-e-type=\"widget\" data-widget_type=\"image.default\">\n\t\t\t\t\t\t\t\t\t\t\t\t\t\t\t<img fetchpriority=\"high\" decoding=\"async\" width=\"900\" height=\"295\" src=\"https:\/\/alvespavimentacao.com.br\/novo\/wp-content\/uploads\/2022\/08\/33-3.jpg\" class=\"attachment-full size-full wp-image-1321\" alt=\"\" srcset=\"https:\/\/alvespavimentacao.com.br\/novo\/wp-content\/uploads\/2022\/08\/33-3.jpg 900w, https:\/\/alvespavimentacao.com.br\/novo\/wp-content\/uploads\/2022\/08\/33-3-300x98.jpg 300w, https:\/\/alvespavimentacao.com.br\/novo\/wp-content\/uploads\/2022\/08\/33-3-768x252.jpg 768w\" sizes=\"(max-width: 900px) 100vw, 900px\" \/>\t\t\t\t\t\t\t\t\t\t\t\t\t\t\t<\/div>\n\t\t\t\t<div class=\"elementor-element elementor-element-b7f3a8f elementor-widget elementor-widget-text-editor\" data-id=\"b7f3a8f\" data-element_type=\"widget\" data-e-type=\"widget\" data-widget_type=\"text-editor.default\">\n\t\t\t\t\t\t\t\t\t<p><span style=\"vertical-align: inherit;\"><span style=\"vertical-align: inherit;\"><span style=\"vertical-align: inherit;\"><span style=\"vertical-align: inherit;\"><span style=\"vertical-align: inherit;\"><span style=\"vertical-align: inherit;\"><span style=\"vertical-align: inherit;\"><span style=\"vertical-align: inherit;\">ATENDEMOS:<\/span><\/span><\/span><\/span><\/span><\/span><\/span><\/span><\/p>\t\t\t\t\t\t\t\t<\/div>\n\t\t\t\t<div class=\"elementor-element elementor-element-86a3ab5 elementor-widget elementor-widget-text-editor\" data-id=\"86a3ab5\" data-element_type=\"widget\" data-e-type=\"widget\" data-widget_type=\"text-editor.default\">\n\t\t\t\t\t\t\t\t\t<p>\u00a0<br \/><span style=\"font-family: Montserrat, sans-serif; font-size: 15px; text-align: start;\">Industrias<\/span><br style=\"padding: 0px; margin: 0px; overflow-wrap: break-word; font-family: Montserrat, sans-serif; font-size: 15px; text-align: start;\" \/><span style=\"font-family: Montserrat, sans-serif; font-size: 15px; text-align: start;\">Com\u00e9rcio e Residencial;<\/span><br style=\"padding: 0px; margin: 0px; overflow-wrap: break-word; font-family: Montserrat, sans-serif; font-size: 15px; text-align: start;\" \/><span style=\"font-family: Montserrat, sans-serif; font-size: 15px; text-align: start;\">Condom\u00ednio Residencial;<\/span><br style=\"padding: 0px; margin: 0px; overflow-wrap: break-word; font-family: Montserrat, sans-serif; font-size: 15px; text-align: start;\" \/><span style=\"font-family: Montserrat, sans-serif; font-size: 15px; text-align: start;\">Lojas;<\/span><br style=\"padding: 0px; margin: 0px; overflow-wrap: break-word; font-family: Montserrat, sans-serif; font-size: 15px; text-align: start;\" \/><span style=\"font-family: Montserrat, sans-serif; font-size: 15px; text-align: start;\">Shoppings;<\/span><br style=\"padding: 0px; margin: 0px; overflow-wrap: break-word; font-family: Montserrat, sans-serif; font-size: 15px; text-align: start;\" \/><span style=\"font-family: Montserrat, sans-serif; font-size: 15px; text-align: start;\">Estacionamentos;<\/span><br style=\"padding: 0px; margin: 0px; overflow-wrap: break-word; font-family: Montserrat, sans-serif; font-size: 15px; text-align: start;\" \/><span style=\"font-family: Montserrat, sans-serif; font-size: 15px; text-align: start;\">Galp\u00f5es Empresas;<\/span><br style=\"padding: 0px; margin: 0px; overflow-wrap: break-word; font-family: Montserrat, sans-serif; font-size: 15px; text-align: start;\" \/><span style=\"font-family: Montserrat, sans-serif; font-size: 15px; text-align: start;\">Entre outros;<\/span><\/p>\t\t\t\t\t\t\t\t<\/div>\n\t\t\t\t<div class=\"elementor-element elementor-element-707d6e8 elementor-widget elementor-widget-image\" data-id=\"707d6e8\" data-element_type=\"widget\" data-e-type=\"widget\" data-widget_type=\"image.default\">\n\t\t\t\t\t\t\t\t\t\t\t\t\t\t\t<img decoding=\"async\" width=\"1016\" height=\"623\" data-src=\"https:\/\/alvespavimentacao.com.br\/novo\/wp-content\/uploads\/2025\/08\/imported-photo-108491.jpeg.88ecfbea4bddf806bc53b90ecb340845.jpg\" class=\"attachment-full size-full wp-image-1954 lazyload\" alt=\"\" data-srcset=\"https:\/\/alvespavimentacao.com.br\/novo\/wp-content\/uploads\/2025\/08\/imported-photo-108491.jpeg.88ecfbea4bddf806bc53b90ecb340845.jpg 1016w, https:\/\/alvespavimentacao.com.br\/novo\/wp-content\/uploads\/2025\/08\/imported-photo-108491.jpeg.88ecfbea4bddf806bc53b90ecb340845-300x184.jpg 300w, https:\/\/alvespavimentacao.com.br\/novo\/wp-content\/uploads\/2025\/08\/imported-photo-108491.jpeg.88ecfbea4bddf806bc53b90ecb340845-768x471.jpg 768w\" data-sizes=\"(max-width: 1016px) 100vw, 1016px\" src=\"data:image\/svg+xml;base64,PHN2ZyB3aWR0aD0iMSIgaGVpZ2h0PSIxIiB4bWxucz0iaHR0cDovL3d3dy53My5vcmcvMjAwMC9zdmciPjwvc3ZnPg==\" style=\"--smush-placeholder-width: 1016px; --smush-placeholder-aspect-ratio: 1016\/623;\" \/>\t\t\t\t\t\t\t\t\t\t\t\t\t\t\t<\/div>\n\t\t\t\t<div class=\"elementor-element elementor-element-8f3654f elementor-widget elementor-widget-text-editor\" data-id=\"8f3654f\" data-element_type=\"widget\" data-e-type=\"widget\" data-widget_type=\"text-editor.default\">\n\t\t\t\t\t\t\t\t\t<p>Se voc\u00ea est\u00e1 buscando <strong data-start=\"372\" data-end=\"427\">servi\u00e7o de pavimenta\u00e7\u00e3o asf\u00e1ltica de alta qualidade<\/strong>, est\u00e1 no lugar certo. Atuamos com tecnologia moderna, equipe especializada e materiais de primeira linha para garantir <strong data-start=\"547\" data-end=\"606\">asfalto dur\u00e1vel, seguro e com excelente custo-benef\u00edcio<\/strong>.<\/p>\n<p data-start=\"609\" data-end=\"845\">A <strong data-start=\"611\" data-end=\"637\">pavimenta\u00e7\u00e3o asf\u00e1ltica<\/strong> \u00e9 a escolha ideal para <strong data-start=\"661\" data-end=\"740\">estradas, ruas, avenidas, estacionamentos, p\u00e1tios industriais e condom\u00ednios<\/strong>, oferecendo n\u00e3o s\u00f3 <strong data-start=\"760\" data-end=\"793\">resist\u00eancia ao tr\u00e1fego pesado<\/strong>, como tamb\u00e9m conforto e seguran\u00e7a para os usu\u00e1rios.<\/p>\n<p data-start=\"609\" data-end=\"845\">Entre em contato agora mesmo e descubra como podemos transformar seu projeto com <strong data-start=\"2461\" data-end=\"2508\">asfalto de qualidade e excelente acabamento<\/strong>.<\/p>\t\t\t\t\t\t\t\t<\/div>\n\t\t\t\t<\/div>\n\t\t\t\t<\/div>\n\t\t\t\t<\/div>\n\t\t\t\t<\/div>\n\t\t\t\t\t<\/div>\n\t\t\t\t<\/div>\n\t\t\t\t<\/div>\n\t\t","protected":false},"excerpt":{"rendered":"<p>TIPOS DE ASFALTO \u00a0 O asfalto \u00e9 o ligante betuminoso mais utilizado em pavimenta\u00e7\u00e3o rodovi\u00e1ria, por sua ader\u00eancia, impermeabilidade e flexibilidade. Ele pode ser encontrado em diferentes formas de aplica\u00e7\u00e3o e composi\u00e7\u00e3o, cada qual adequada a situa\u00e7\u00f5es espec\u00edficas de tr\u00e1fego, clima e demanda t\u00e9cnica. 1.&hellip;<\/p>\n","protected":false},"author":1,"featured_media":0,"parent":0,"menu_order":0,"comment_status":"closed","ping_status":"closed","template":"elementor_header_footer","meta":{"footnotes":""},"class_list":["post-151","page","type-page","status-publish","hentry"],"_links":{"self":[{"href":"https:\/\/alvespavimentacao.com.br\/novo\/wp-json\/wp\/v2\/pages\/151","targetHints":{"allow":["GET"]}}],"collection":[{"href":"https:\/\/alvespavimentacao.com.br\/novo\/wp-json\/wp\/v2\/pages"}],"about":[{"href":"https:\/\/alvespavimentacao.com.br\/novo\/wp-json\/wp\/v2\/types\/page"}],"author":[{"embeddable":true,"href":"https:\/\/alvespavimentacao.com.br\/novo\/wp-json\/wp\/v2\/users\/1"}],"replies":[{"embeddable":true,"href":"https:\/\/alvespavimentacao.com.br\/novo\/wp-json\/wp\/v2\/comments?post=151"}],"version-history":[{"count":7,"href":"https:\/\/alvespavimentacao.com.br\/novo\/wp-json\/wp\/v2\/pages\/151\/revisions"}],"predecessor-version":[{"id":2193,"href":"https:\/\/alvespavimentacao.com.br\/novo\/wp-json\/wp\/v2\/pages\/151\/revisions\/2193"}],"wp:attachment":[{"href":"https:\/\/alvespavimentacao.com.br\/novo\/wp-json\/wp\/v2\/media?parent=151"}],"curies":[{"name":"wp","href":"https:\/\/api.w.org\/{rel}","templated":true}]}}