{"id":156,"date":"2022-06-30T14:14:53","date_gmt":"2022-06-30T14:14:53","guid":{"rendered":"https:\/\/alvespavimentacao.com.br\/novo\/?page_id=156"},"modified":"2025-08-27T16:49:55","modified_gmt":"2025-08-27T16:49:55","slug":"nosso-ideal","status":"publish","type":"page","link":"https:\/\/alvespavimentacao.com.br\/novo\/nosso-ideal\/","title":{"rendered":"Nosso Ideal"},"content":{"rendered":"\t\t<div data-elementor-type=\"wp-page\" data-elementor-id=\"156\" class=\"elementor elementor-156\">\n\t\t\t\t<div class=\"elementor-element elementor-element-41c1cac elementor-hidden-mobile e-flex e-con-boxed e-con e-parent\" data-id=\"41c1cac\" data-element_type=\"container\" data-e-type=\"container\">\n\t\t\t\t\t<div class=\"e-con-inner\">\n\t\t<div class=\"elementor-element elementor-element-832c02d e-con-full e-flex e-con e-child\" data-id=\"832c02d\" data-element_type=\"container\" data-e-type=\"container\">\n\t\t<div class=\"elementor-element elementor-element-d3c847d e-con-full e-flex e-con e-child\" data-id=\"d3c847d\" data-element_type=\"container\" data-e-type=\"container\" data-settings=\"{&quot;background_background&quot;:&quot;classic&quot;}\">\n\t\t\t\t<div class=\"elementor-element elementor-element-d49f930 elementor-widget__width-inherit elementor-widget elementor-widget-image\" data-id=\"d49f930\" data-element_type=\"widget\" data-e-type=\"widget\" data-widget_type=\"image.default\">\n\t\t\t\t\t\t\t\t\t\t\t\t\t\t\t<img decoding=\"async\" data-src=\"https:\/\/alvespavimentacao.com.br\/novo\/wp-content\/uploads\/elementor\/thumbs\/Logo-ArqPav-raichgc6svzkmllvow63ofxbxjhjfzzuyupvv3b174.png\" title=\"Logo ArqPav\" alt=\"Logo ArqPav\" src=\"data:image\/svg+xml;base64,PHN2ZyB3aWR0aD0iMSIgaGVpZ2h0PSIxIiB4bWxucz0iaHR0cDovL3d3dy53My5vcmcvMjAwMC9zdmciPjwvc3ZnPg==\" class=\"lazyload\" style=\"--smush-placeholder-width: 200px; --smush-placeholder-aspect-ratio: 200\/200;\" \/>\t\t\t\t\t\t\t\t\t\t\t\t\t\t\t<\/div>\n\t\t\t\t<\/div>\n\t\t<div class=\"elementor-element elementor-element-b9de257 e-con-full e-flex e-con e-child\" data-id=\"b9de257\" data-element_type=\"container\" data-e-type=\"container\" data-settings=\"{&quot;background_background&quot;:&quot;classic&quot;}\">\n\t\t<div class=\"elementor-element elementor-element-05a4469 e-con-full e-flex e-con e-child\" data-id=\"05a4469\" data-element_type=\"container\" data-e-type=\"container\" data-settings=\"{&quot;background_background&quot;:&quot;classic&quot;}\">\n\t\t\t\t<div class=\"elementor-element elementor-element-1682159 elementor-widget elementor-widget-heading\" data-id=\"1682159\" data-element_type=\"widget\" data-e-type=\"widget\" data-widget_type=\"heading.default\">\n\t\t\t\t\t<h2 class=\"elementor-heading-title elementor-size-default\">NOSSO IDEAL<\/h2>\t\t\t\t<\/div>\n\t\t\t\t<div class=\"elementor-element elementor-element-df79bd9 elementor-widget elementor-widget-text-editor\" data-id=\"df79bd9\" data-element_type=\"widget\" data-e-type=\"widget\" data-widget_type=\"text-editor.default\">\n\t\t\t\t\t\t\t\t\t<p><span style=\"vertical-align: inherit;\"><span style=\"vertical-align: inherit;\"><span style=\"vertical-align: inherit;\"><span style=\"vertical-align: inherit;\"><span style=\"vertical-align: inherit;\"><span style=\"vertical-align: inherit;\">\u00a0<\/span><\/span><\/span><\/span><\/span><\/span><\/p><div><p>&#8220;Cumprimos nossas metas, inovando sempre, conquistando cada vez mais clientes e compreendemos que: confian\u00e7a, comprometimento, credibilidade, \u00e9tica, responsabilidade, respeito e transpar\u00eancia \u00e9 a nossa miss\u00e3o, afim de<br \/>fortalecermos ainda mais nossa marca e parceria<\/p><\/div>\t\t\t\t\t\t\t\t<\/div>\n\t\t\t\t<div class=\"elementor-element elementor-element-0eed3f8 elementor-widget elementor-widget-text-editor\" data-id=\"0eed3f8\" data-element_type=\"widget\" data-e-type=\"widget\" data-widget_type=\"text-editor.default\">\n\t\t\t\t\t\t\t\t\t<p><span style=\"vertical-align: inherit;\"><span style=\"vertical-align: inherit;\"><span style=\"vertical-align: inherit;\"><span style=\"vertical-align: inherit;\"><span style=\"vertical-align: inherit;\"><span style=\"vertical-align: inherit;\"><span style=\"vertical-align: inherit;\"><span style=\"vertical-align: inherit;\">ATENDEMOS:<\/span><\/span><\/span><\/span><\/span><\/span><\/span><\/span><\/p>\t\t\t\t\t\t\t\t<\/div>\n\t\t\t\t<div class=\"elementor-element elementor-element-8fa86eb elementor-widget elementor-widget-text-editor\" data-id=\"8fa86eb\" data-element_type=\"widget\" data-e-type=\"widget\" data-widget_type=\"text-editor.default\">\n\t\t\t\t\t\t\t\t\t<p>\u00a0<br \/><span style=\"font-family: Montserrat, sans-serif; font-size: 15px; text-align: start;\">Industrias<\/span><br style=\"padding: 0px; margin: 0px; overflow-wrap: break-word; font-family: Montserrat, sans-serif; font-size: 15px; text-align: start;\" \/><span style=\"font-family: Montserrat, sans-serif; font-size: 15px; text-align: start;\">Com\u00e9rcio e Residencial;<\/span><br style=\"padding: 0px; margin: 0px; overflow-wrap: break-word; font-family: Montserrat, sans-serif; font-size: 15px; text-align: start;\" \/><span style=\"font-family: Montserrat, sans-serif; font-size: 15px; text-align: start;\">Condom\u00ednio Residencial;<\/span><br style=\"padding: 0px; margin: 0px; overflow-wrap: break-word; font-family: Montserrat, sans-serif; font-size: 15px; text-align: start;\" \/><span style=\"font-family: Montserrat, sans-serif; font-size: 15px; text-align: start;\">Lojas;<\/span><br style=\"padding: 0px; margin: 0px; overflow-wrap: break-word; font-family: Montserrat, sans-serif; font-size: 15px; text-align: start;\" \/><span style=\"font-family: Montserrat, sans-serif; font-size: 15px; text-align: start;\">Shoppings;<\/span><br style=\"padding: 0px; margin: 0px; overflow-wrap: break-word; font-family: Montserrat, sans-serif; font-size: 15px; text-align: start;\" \/><span style=\"font-family: Montserrat, sans-serif; font-size: 15px; text-align: start;\">Estacionamentos;<\/span><br style=\"padding: 0px; margin: 0px; overflow-wrap: break-word; font-family: Montserrat, sans-serif; font-size: 15px; text-align: start;\" \/><span style=\"font-family: Montserrat, sans-serif; font-size: 15px; text-align: start;\">Galp\u00f5es Empresas;<\/span><br style=\"padding: 0px; margin: 0px; overflow-wrap: break-word; font-family: Montserrat, sans-serif; font-size: 15px; text-align: start;\" \/><span style=\"font-family: Montserrat, sans-serif; font-size: 15px; text-align: start;\">Entre outros;<\/span><\/p>\t\t\t\t\t\t\t\t<\/div>\n\t\t\t\t<\/div>\n\t\t<div class=\"elementor-element elementor-element-76156b9 e-con-full e-flex e-con e-child\" data-id=\"76156b9\" data-element_type=\"container\" data-e-type=\"container\" data-settings=\"{&quot;background_background&quot;:&quot;classic&quot;}\">\n\t\t\t\t<div class=\"elementor-element elementor-element-7d6b2f6 elementor-widget elementor-widget-image\" data-id=\"7d6b2f6\" data-element_type=\"widget\" data-e-type=\"widget\" data-widget_type=\"image.default\">\n\t\t\t\t\t\t\t\t\t\t\t\t\t\t\t<img fetchpriority=\"high\" decoding=\"async\" width=\"1016\" height=\"623\" src=\"https:\/\/alvespavimentacao.com.br\/novo\/wp-content\/uploads\/2025\/08\/imported-photo-108491.jpeg.88ecfbea4bddf806bc53b90ecb340845.jpg\" class=\"attachment-full size-full wp-image-1954\" alt=\"\" srcset=\"https:\/\/alvespavimentacao.com.br\/novo\/wp-content\/uploads\/2025\/08\/imported-photo-108491.jpeg.88ecfbea4bddf806bc53b90ecb340845.jpg 1016w, https:\/\/alvespavimentacao.com.br\/novo\/wp-content\/uploads\/2025\/08\/imported-photo-108491.jpeg.88ecfbea4bddf806bc53b90ecb340845-300x184.jpg 300w, https:\/\/alvespavimentacao.com.br\/novo\/wp-content\/uploads\/2025\/08\/imported-photo-108491.jpeg.88ecfbea4bddf806bc53b90ecb340845-768x471.jpg 768w\" sizes=\"(max-width: 1016px) 100vw, 1016px\" \/>\t\t\t\t\t\t\t\t\t\t\t\t\t\t\t<\/div>\n\t\t\t\t<div class=\"elementor-element elementor-element-b8df5aa elementor-widget elementor-widget-text-editor\" data-id=\"b8df5aa\" data-element_type=\"widget\" data-e-type=\"widget\" data-widget_type=\"text-editor.default\">\n\t\t\t\t\t\t\t\t\t<p>Se voc\u00ea est\u00e1 buscando <strong data-start=\"372\" data-end=\"427\">servi\u00e7o de pavimenta\u00e7\u00e3o asf\u00e1ltica de alta qualidade<\/strong>, est\u00e1 no lugar certo. Atuamos com tecnologia moderna, equipe especializada e materiais de primeira linha para garantir <strong data-start=\"547\" data-end=\"606\">asfalto dur\u00e1vel, seguro e com excelente custo-benef\u00edcio<\/strong>.<\/p><p data-start=\"609\" data-end=\"845\">A <strong data-start=\"611\" data-end=\"637\">pavimenta\u00e7\u00e3o asf\u00e1ltica<\/strong> \u00e9 a escolha ideal para <strong data-start=\"661\" data-end=\"740\">estradas, ruas, avenidas, estacionamentos, p\u00e1tios industriais e condom\u00ednios<\/strong>, oferecendo n\u00e3o s\u00f3 <strong data-start=\"760\" data-end=\"793\">resist\u00eancia ao tr\u00e1fego pesado<\/strong>, como tamb\u00e9m conforto e seguran\u00e7a para os usu\u00e1rios.<\/p><p data-start=\"609\" data-end=\"845\">Entre em contato agora mesmo e descubra como podemos transformar seu projeto com <strong data-start=\"2461\" data-end=\"2508\">asfalto de qualidade e excelente acabamento<\/strong>.<\/p>\t\t\t\t\t\t\t\t<\/div>\n\t\t\t\t<\/div>\n\t\t\t\t<\/div>\n\t\t\t\t<\/div>\n\t\t\t\t\t<\/div>\n\t\t\t\t<\/div>\n\t\t<div class=\"elementor-element elementor-element-aa12a4e elementor-hidden-desktop elementor-hidden-tablet e-flex e-con-boxed e-con e-parent\" data-id=\"aa12a4e\" data-element_type=\"container\" data-e-type=\"container\">\n\t\t\t\t\t<div class=\"e-con-inner\">\n\t\t<div class=\"elementor-element elementor-element-5eaa334 e-con-full e-flex e-con e-child\" data-id=\"5eaa334\" data-element_type=\"container\" data-e-type=\"container\">\n\t\t<div class=\"elementor-element elementor-element-d6e455c e-con-full e-flex e-con e-child\" data-id=\"d6e455c\" data-element_type=\"container\" data-e-type=\"container\" data-settings=\"{&quot;background_background&quot;:&quot;classic&quot;}\">\n\t\t<div class=\"elementor-element elementor-element-53c3edd e-con-full e-flex e-con e-child\" data-id=\"53c3edd\" data-element_type=\"container\" data-e-type=\"container\" data-settings=\"{&quot;background_background&quot;:&quot;classic&quot;}\">\n\t\t\t\t<div class=\"elementor-element elementor-element-e984b0d elementor-widget elementor-widget-heading\" data-id=\"e984b0d\" data-element_type=\"widget\" data-e-type=\"widget\" data-widget_type=\"heading.default\">\n\t\t\t\t\t<h2 class=\"elementor-heading-title elementor-size-default\">NOSSO IDEAL<\/h2>\t\t\t\t<\/div>\n\t\t\t\t<div class=\"elementor-element elementor-element-07ba537 elementor-widget elementor-widget-text-editor\" data-id=\"07ba537\" data-element_type=\"widget\" data-e-type=\"widget\" data-widget_type=\"text-editor.default\">\n\t\t\t\t\t\t\t\t\t<p><span style=\"vertical-align: inherit;\"><span style=\"vertical-align: inherit;\"><span style=\"vertical-align: inherit;\"><span style=\"vertical-align: inherit;\"><span style=\"vertical-align: inherit;\"><span style=\"vertical-align: inherit;\">\u00a0<\/span><\/span><\/span><\/span><\/span><\/span><\/p><div><p>&#8220;Cumprimos nossas metas, inovando sempre, conquistando cada vez mais clientes e compreendemos que: confian\u00e7a, comprometimento, credibilidade, \u00e9tica, responsabilidade, respeito e transpar\u00eancia \u00e9 a nossa miss\u00e3o, afim de<br \/>fortalecermos ainda mais nossa marca e parceria<\/p><\/div>\t\t\t\t\t\t\t\t<\/div>\n\t\t\t\t<div class=\"elementor-element elementor-element-95e768f elementor-widget elementor-widget-text-editor\" data-id=\"95e768f\" data-element_type=\"widget\" data-e-type=\"widget\" data-widget_type=\"text-editor.default\">\n\t\t\t\t\t\t\t\t\t<p><span style=\"vertical-align: inherit;\"><span style=\"vertical-align: inherit;\"><span style=\"vertical-align: inherit;\"><span style=\"vertical-align: inherit;\"><span style=\"vertical-align: inherit;\"><span style=\"vertical-align: inherit;\"><span style=\"vertical-align: inherit;\"><span style=\"vertical-align: inherit;\">ATENDEMOS:<\/span><\/span><\/span><\/span><\/span><\/span><\/span><\/span><\/p>\t\t\t\t\t\t\t\t<\/div>\n\t\t\t\t<div class=\"elementor-element elementor-element-3ddfd15 elementor-widget elementor-widget-text-editor\" data-id=\"3ddfd15\" data-element_type=\"widget\" data-e-type=\"widget\" data-widget_type=\"text-editor.default\">\n\t\t\t\t\t\t\t\t\t<p>\u00a0<br \/><span style=\"font-family: Montserrat, sans-serif; font-size: 15px; text-align: start;\">Industrias<\/span><br style=\"padding: 0px; margin: 0px; overflow-wrap: break-word; font-family: Montserrat, sans-serif; font-size: 15px; text-align: start;\" \/><span style=\"font-family: Montserrat, sans-serif; font-size: 15px; text-align: start;\">Com\u00e9rcio e Residencial;<\/span><br style=\"padding: 0px; margin: 0px; overflow-wrap: break-word; font-family: Montserrat, sans-serif; font-size: 15px; text-align: start;\" \/><span style=\"font-family: Montserrat, sans-serif; font-size: 15px; text-align: start;\">Condom\u00ednio Residencial;<\/span><br style=\"padding: 0px; margin: 0px; overflow-wrap: break-word; font-family: Montserrat, sans-serif; font-size: 15px; text-align: start;\" \/><span style=\"font-family: Montserrat, sans-serif; font-size: 15px; text-align: start;\">Lojas;<\/span><br style=\"padding: 0px; margin: 0px; overflow-wrap: break-word; font-family: Montserrat, sans-serif; font-size: 15px; text-align: start;\" \/><span style=\"font-family: Montserrat, sans-serif; font-size: 15px; text-align: start;\">Shoppings;<\/span><br style=\"padding: 0px; margin: 0px; overflow-wrap: break-word; font-family: Montserrat, sans-serif; font-size: 15px; text-align: start;\" \/><span style=\"font-family: Montserrat, sans-serif; font-size: 15px; text-align: start;\">Estacionamentos;<\/span><br style=\"padding: 0px; margin: 0px; overflow-wrap: break-word; font-family: Montserrat, sans-serif; font-size: 15px; text-align: start;\" \/><span style=\"font-family: Montserrat, sans-serif; font-size: 15px; text-align: start;\">Galp\u00f5es Empresas;<\/span><br style=\"padding: 0px; margin: 0px; overflow-wrap: break-word; font-family: Montserrat, sans-serif; font-size: 15px; text-align: start;\" \/><span style=\"font-family: Montserrat, sans-serif; font-size: 15px; text-align: start;\">Entre outros;<\/span><\/p>\t\t\t\t\t\t\t\t<\/div>\n\t\t\t\t<\/div>\n\t\t<div class=\"elementor-element elementor-element-df7266e e-con-full e-flex e-con e-child\" data-id=\"df7266e\" data-element_type=\"container\" data-e-type=\"container\" data-settings=\"{&quot;background_background&quot;:&quot;classic&quot;}\">\n\t\t\t\t<div class=\"elementor-element elementor-element-b73056a elementor-widget elementor-widget-image\" data-id=\"b73056a\" data-element_type=\"widget\" data-e-type=\"widget\" data-widget_type=\"image.default\">\n\t\t\t\t\t\t\t\t\t\t\t\t\t\t\t<img fetchpriority=\"high\" decoding=\"async\" width=\"1016\" height=\"623\" src=\"https:\/\/alvespavimentacao.com.br\/novo\/wp-content\/uploads\/2025\/08\/imported-photo-108491.jpeg.88ecfbea4bddf806bc53b90ecb340845.jpg\" class=\"attachment-full size-full wp-image-1954\" alt=\"\" srcset=\"https:\/\/alvespavimentacao.com.br\/novo\/wp-content\/uploads\/2025\/08\/imported-photo-108491.jpeg.88ecfbea4bddf806bc53b90ecb340845.jpg 1016w, https:\/\/alvespavimentacao.com.br\/novo\/wp-content\/uploads\/2025\/08\/imported-photo-108491.jpeg.88ecfbea4bddf806bc53b90ecb340845-300x184.jpg 300w, https:\/\/alvespavimentacao.com.br\/novo\/wp-content\/uploads\/2025\/08\/imported-photo-108491.jpeg.88ecfbea4bddf806bc53b90ecb340845-768x471.jpg 768w\" sizes=\"(max-width: 1016px) 100vw, 1016px\" \/>\t\t\t\t\t\t\t\t\t\t\t\t\t\t\t<\/div>\n\t\t\t\t<div class=\"elementor-element elementor-element-9d1a47e elementor-widget elementor-widget-text-editor\" data-id=\"9d1a47e\" data-element_type=\"widget\" data-e-type=\"widget\" data-widget_type=\"text-editor.default\">\n\t\t\t\t\t\t\t\t\t<p>Se voc\u00ea est\u00e1 buscando <strong data-start=\"372\" data-end=\"427\">servi\u00e7o de pavimenta\u00e7\u00e3o asf\u00e1ltica de alta qualidade<\/strong>, est\u00e1 no lugar certo. Atuamos com tecnologia moderna, equipe especializada e materiais de primeira linha para garantir <strong data-start=\"547\" data-end=\"606\">asfalto dur\u00e1vel, seguro e com excelente custo-benef\u00edcio<\/strong>.<\/p><p data-start=\"609\" data-end=\"845\">A <strong data-start=\"611\" data-end=\"637\">pavimenta\u00e7\u00e3o asf\u00e1ltica<\/strong> \u00e9 a escolha ideal para <strong data-start=\"661\" data-end=\"740\">estradas, ruas, avenidas, estacionamentos, p\u00e1tios industriais e condom\u00ednios<\/strong>, oferecendo n\u00e3o s\u00f3 <strong data-start=\"760\" data-end=\"793\">resist\u00eancia ao tr\u00e1fego pesado<\/strong>, como tamb\u00e9m conforto e seguran\u00e7a para os usu\u00e1rios.<\/p><p data-start=\"609\" data-end=\"845\">Entre em contato agora mesmo e descubra como podemos transformar seu projeto com <strong data-start=\"2461\" data-end=\"2508\">asfalto de qualidade e excelente acabamento<\/strong>.<\/p>\t\t\t\t\t\t\t\t<\/div>\n\t\t\t\t<\/div>\n\t\t\t\t<\/div>\n\t\t\t\t<\/div>\n\t\t\t\t\t<\/div>\n\t\t\t\t<\/div>\n\t\t\t\t<\/div>\n\t\t","protected":false},"excerpt":{"rendered":"<p>NOSSO IDEAL \u00a0 &#8220;Cumprimos nossas metas, inovando sempre, conquistando cada vez mais clientes e compreendemos que: confian\u00e7a, comprometimento, credibilidade, \u00e9tica, responsabilidade, respeito e transpar\u00eancia \u00e9 a nossa miss\u00e3o, afim defortalecermos ainda mais nossa marca e parceria ATENDEMOS: \u00a0IndustriasCom\u00e9rcio e Residencial;Condom\u00ednio Residencial;Lojas;Shoppings;Estacionamentos;Galp\u00f5es Empresas;Entre outros; Se voc\u00ea&hellip;<\/p>\n","protected":false},"author":1,"featured_media":0,"parent":0,"menu_order":0,"comment_status":"closed","ping_status":"closed","template":"elementor_header_footer","meta":{"footnotes":""},"class_list":["post-156","page","type-page","status-publish","hentry"],"_links":{"self":[{"href":"https:\/\/alvespavimentacao.com.br\/novo\/wp-json\/wp\/v2\/pages\/156","targetHints":{"allow":["GET"]}}],"collection":[{"href":"https:\/\/alvespavimentacao.com.br\/novo\/wp-json\/wp\/v2\/pages"}],"about":[{"href":"https:\/\/alvespavimentacao.com.br\/novo\/wp-json\/wp\/v2\/types\/page"}],"author":[{"embeddable":true,"href":"https:\/\/alvespavimentacao.com.br\/novo\/wp-json\/wp\/v2\/users\/1"}],"replies":[{"embeddable":true,"href":"https:\/\/alvespavimentacao.com.br\/novo\/wp-json\/wp\/v2\/comments?post=156"}],"version-history":[{"count":46,"href":"https:\/\/alvespavimentacao.com.br\/novo\/wp-json\/wp\/v2\/pages\/156\/revisions"}],"predecessor-version":[{"id":3013,"href":"https:\/\/alvespavimentacao.com.br\/novo\/wp-json\/wp\/v2\/pages\/156\/revisions\/3013"}],"wp:attachment":[{"href":"https:\/\/alvespavimentacao.com.br\/novo\/wp-json\/wp\/v2\/media?parent=156"}],"curies":[{"name":"wp","href":"https:\/\/api.w.org\/{rel}","templated":true}]}}