{"id":194,"date":"2022-06-30T14:32:24","date_gmt":"2022-06-30T14:32:24","guid":{"rendered":"https:\/\/alvespavimentacao.com.br\/novo\/?page_id=194"},"modified":"2025-08-27T18:48:12","modified_gmt":"2025-08-27T18:48:12","slug":"pavimentacao-colorido","status":"publish","type":"page","link":"https:\/\/alvespavimentacao.com.br\/novo\/pavimentacao-colorido\/","title":{"rendered":"Pavimenta\u00e7\u00e3o Colorido"},"content":{"rendered":"\t\t<div data-elementor-type=\"wp-page\" data-elementor-id=\"194\" class=\"elementor elementor-194\">\n\t\t\t\t<div class=\"elementor-element elementor-element-add3ad8 e-flex e-con-boxed e-con e-parent\" data-id=\"add3ad8\" data-element_type=\"container\" data-e-type=\"container\">\n\t\t\t\t\t<div class=\"e-con-inner\">\n\t\t<div class=\"elementor-element elementor-element-fed3e34 e-con-full e-flex e-con e-child\" data-id=\"fed3e34\" data-element_type=\"container\" data-e-type=\"container\">\n\t\t<div class=\"elementor-element elementor-element-7742fcf e-con-full e-flex e-con e-child\" data-id=\"7742fcf\" data-element_type=\"container\" data-e-type=\"container\" data-settings=\"{&quot;background_background&quot;:&quot;classic&quot;}\">\n\t\t\t\t<div class=\"elementor-element elementor-element-86e3641 elementor-widget__width-inherit elementor-widget elementor-widget-image\" data-id=\"86e3641\" data-element_type=\"widget\" data-e-type=\"widget\" data-widget_type=\"image.default\">\n\t\t\t\t\t\t\t\t\t\t\t\t\t\t\t<img decoding=\"async\" data-src=\"https:\/\/alvespavimentacao.com.br\/novo\/wp-content\/uploads\/elementor\/thumbs\/cbqu_Colorido-1-rahwtjztdvg5d6s4o3o0ea2h1kz60ryrdpmzcun610.jpg\" title=\"cbqu_Colorido (1)\" alt=\"pavimenta\u00e7\u00e3o cbuq colorido\" src=\"data:image\/svg+xml;base64,PHN2ZyB3aWR0aD0iMSIgaGVpZ2h0PSIxIiB4bWxucz0iaHR0cDovL3d3dy53My5vcmcvMjAwMC9zdmciPjwvc3ZnPg==\" class=\"lazyload\" style=\"--smush-placeholder-width: 250px; --smush-placeholder-aspect-ratio: 250\/250;\" \/>\t\t\t\t\t\t\t\t\t\t\t\t\t\t\t<\/div>\n\t\t\t\t<\/div>\n\t\t<div class=\"elementor-element elementor-element-7f49c31 e-con-full e-flex e-con e-child\" data-id=\"7f49c31\" data-element_type=\"container\" data-e-type=\"container\" data-settings=\"{&quot;background_background&quot;:&quot;classic&quot;}\">\n\t\t<div class=\"elementor-element elementor-element-2353cdb e-con-full e-flex e-con e-child\" data-id=\"2353cdb\" data-element_type=\"container\" data-e-type=\"container\" data-settings=\"{&quot;background_background&quot;:&quot;classic&quot;}\">\n\t\t\t\t<div class=\"elementor-element elementor-element-d29ac71 elementor-widget elementor-widget-heading\" data-id=\"d29ac71\" data-element_type=\"widget\" data-e-type=\"widget\" data-widget_type=\"heading.default\">\n\t\t\t\t\t<h2 class=\"elementor-heading-title elementor-size-default\">PAVIMENTA\u00c7\u00c3O CBUQ COLORIDO<\/h2>\t\t\t\t<\/div>\n\t\t\t\t<div class=\"elementor-element elementor-element-47adc56 elementor-widget elementor-widget-text-editor\" data-id=\"47adc56\" data-element_type=\"widget\" data-e-type=\"widget\" data-widget_type=\"text-editor.default\">\n\t\t\t\t\t\t\t\t\t<p><span style=\"vertical-align: inherit;\"><span style=\"vertical-align: inherit;\"><span style=\"vertical-align: inherit;\"><span style=\"vertical-align: inherit;\"><span style=\"vertical-align: inherit;\"><span style=\"vertical-align: inherit;\">\u00a0<\/span><\/span><\/span><\/span><\/span><\/span><\/p><p><span style=\"color: inherit; font-family: inherit; font-size: 24px; font-weight: bold; letter-spacing: -0.02em;\">Pavimenta\u00e7\u00e3o Asf\u00e1ltica Colorida<\/span><\/p><p data-start=\"124\" data-end=\"527\">A <strong data-start=\"126\" data-end=\"161\">pavimenta\u00e7\u00e3o asf\u00e1ltica colorida<\/strong> \u00e9 uma solu\u00e7\u00e3o t\u00e9cnica e est\u00e9tica utilizada para diferenciar \u00e1reas espec\u00edficas de tr\u00e1fego, promover seguran\u00e7a vi\u00e1ria e agregar valor arquitet\u00f4nico ao espa\u00e7o urbano. Trata-se de uma varia\u00e7\u00e3o do revestimento asf\u00e1ltico convencional, na qual o ligante asf\u00e1ltico e\/ou a camada superficial recebem pigmenta\u00e7\u00e3o especial ou tratamentos que conferem colora\u00e7\u00e3o diferenciada.<\/p><p data-start=\"529\" data-end=\"587\">O processo pode ser realizado de duas formas principais:<\/p><ol data-start=\"588\" data-end=\"952\"><li data-start=\"588\" data-end=\"785\"><p data-start=\"591\" data-end=\"785\"><strong data-start=\"591\" data-end=\"621\">Mistura asf\u00e1ltica colorida<\/strong> \u2013 utiliza\u00e7\u00e3o de agregados claros e ligantes modificados (asfalto especial transparente ou resinas) combinados com pigmentos minerais que conferem a cor desejada.<\/p><\/li><li data-start=\"786\" data-end=\"952\"><p data-start=\"789\" data-end=\"952\"><strong data-start=\"789\" data-end=\"828\">Revestimento superficial pigmentado<\/strong> \u2013 aplica\u00e7\u00e3o de tintas, resinas ep\u00f3xi ou microrevestimentos coloridos sobre a camada de asfalto convencional j\u00e1 executada.<\/p><\/li><\/ol><p data-start=\"954\" data-end=\"1025\">Entre as principais aplica\u00e7\u00f5es da pavimenta\u00e7\u00e3o colorida, destacam-se:<\/p><ul data-start=\"1026\" data-end=\"1300\"><li data-start=\"1026\" data-end=\"1058\"><p data-start=\"1028\" data-end=\"1058\"><strong data-start=\"1028\" data-end=\"1055\">Ciclovias e ciclofaixas<\/strong>;<\/p><\/li><li data-start=\"1059\" data-end=\"1107\"><p data-start=\"1061\" data-end=\"1107\"><strong data-start=\"1061\" data-end=\"1104\">Faixas exclusivas de transporte p\u00fablico<\/strong>;<\/p><\/li><li data-start=\"1108\" data-end=\"1152\"><p data-start=\"1110\" data-end=\"1152\"><strong data-start=\"1110\" data-end=\"1149\">\u00c1reas de pedestres e acessibilidade<\/strong>;<\/p><\/li><li data-start=\"1153\" data-end=\"1203\"><p data-start=\"1155\" data-end=\"1203\"><strong data-start=\"1155\" data-end=\"1200\">Zonas de tr\u00e2nsito calmo (traffic calming)<\/strong>;<\/p><\/li><li data-start=\"1204\" data-end=\"1300\"><p data-start=\"1206\" data-end=\"1300\"><strong data-start=\"1206\" data-end=\"1245\">Sinaliza\u00e7\u00e3o horizontal diferenciada<\/strong> em cruzamentos, passagens elevadas e \u00e1reas de risco.<\/p><\/li><\/ul><p data-start=\"1302\" data-end=\"1360\">As vantagens da pavimenta\u00e7\u00e3o asf\u00e1ltica colorida incluem:<\/p><ul data-start=\"1361\" data-end=\"1755\"><li data-start=\"1361\" data-end=\"1446\"><p data-start=\"1363\" data-end=\"1446\"><strong data-start=\"1363\" data-end=\"1383\">Seguran\u00e7a vi\u00e1ria<\/strong> \u2013 maior visibilidade e destaque das \u00e1reas de uso espec\u00edfico;<\/p><\/li><li data-start=\"1447\" data-end=\"1530\"><p data-start=\"1449\" data-end=\"1530\"><strong data-start=\"1449\" data-end=\"1465\">Durabilidade<\/strong> \u2013 utiliza\u00e7\u00e3o de materiais resistentes \u00e0 abras\u00e3o e intemp\u00e9ries;<\/p><\/li><li data-start=\"1531\" data-end=\"1644\"><p data-start=\"1533\" data-end=\"1644\"><strong data-start=\"1533\" data-end=\"1553\">Baixa manuten\u00e7\u00e3o<\/strong> \u2013 reduz necessidade de repintura frequente, quando comparada a sinaliza\u00e7\u00e3o convencional;<\/p><\/li><li data-start=\"1645\" data-end=\"1755\"><p data-start=\"1647\" data-end=\"1755\"><strong data-start=\"1647\" data-end=\"1666\">Est\u00e9tica urbana<\/strong> \u2013 melhoria do aspecto visual e integra\u00e7\u00e3o com projetos arquitet\u00f4nicos e paisag\u00edsticos.<\/p><\/li><\/ul><p data-start=\"193\" data-end=\"411\">\u00a0<\/p><p data-start=\"1757\" data-end=\"1977\">Assim, a pavimenta\u00e7\u00e3o colorida representa uma <strong data-start=\"1803\" data-end=\"1860\">tecnologia de alto desempenho aliada ao design urbano<\/strong>, contribuindo para a organiza\u00e7\u00e3o do tr\u00e1fego, seguran\u00e7a de usu\u00e1rios vulner\u00e1veis e valoriza\u00e7\u00e3o dos espa\u00e7os p\u00fablicos.<\/p>\t\t\t\t\t\t\t\t<\/div>\n\t\t\t\t<\/div>\n\t\t<div class=\"elementor-element elementor-element-9cac9e1 e-con-full e-flex e-con e-child\" data-id=\"9cac9e1\" data-element_type=\"container\" data-e-type=\"container\" data-settings=\"{&quot;background_background&quot;:&quot;classic&quot;}\">\n\t\t\t\t<div class=\"elementor-element elementor-element-a18eb2f elementor-widget elementor-widget-image\" data-id=\"a18eb2f\" data-element_type=\"widget\" data-e-type=\"widget\" data-widget_type=\"image.default\">\n\t\t\t\t\t\t\t\t\t\t\t\t\t\t\t<img fetchpriority=\"high\" decoding=\"async\" width=\"900\" height=\"295\" src=\"https:\/\/alvespavimentacao.com.br\/novo\/wp-content\/uploads\/2022\/08\/33-3.jpg\" class=\"attachment-full size-full wp-image-1321\" alt=\"\" srcset=\"https:\/\/alvespavimentacao.com.br\/novo\/wp-content\/uploads\/2022\/08\/33-3.jpg 900w, https:\/\/alvespavimentacao.com.br\/novo\/wp-content\/uploads\/2022\/08\/33-3-300x98.jpg 300w, https:\/\/alvespavimentacao.com.br\/novo\/wp-content\/uploads\/2022\/08\/33-3-768x252.jpg 768w\" sizes=\"(max-width: 900px) 100vw, 900px\" \/>\t\t\t\t\t\t\t\t\t\t\t\t\t\t\t<\/div>\n\t\t\t\t<div class=\"elementor-element elementor-element-b56ee11 elementor-widget elementor-widget-text-editor\" data-id=\"b56ee11\" data-element_type=\"widget\" data-e-type=\"widget\" data-widget_type=\"text-editor.default\">\n\t\t\t\t\t\t\t\t\t<p><span style=\"vertical-align: inherit;\"><span style=\"vertical-align: inherit;\"><span style=\"vertical-align: inherit;\"><span style=\"vertical-align: inherit;\"><span style=\"vertical-align: inherit;\"><span style=\"vertical-align: inherit;\"><span style=\"vertical-align: inherit;\"><span style=\"vertical-align: inherit;\">ATENDEMOS:<\/span><\/span><\/span><\/span><\/span><\/span><\/span><\/span><\/p>\t\t\t\t\t\t\t\t<\/div>\n\t\t\t\t<div class=\"elementor-element elementor-element-76e57cc elementor-widget elementor-widget-text-editor\" data-id=\"76e57cc\" data-element_type=\"widget\" data-e-type=\"widget\" data-widget_type=\"text-editor.default\">\n\t\t\t\t\t\t\t\t\t<p>\u00a0<br \/><span style=\"font-family: Montserrat, sans-serif; font-size: 15px; text-align: start;\">Industrias<\/span><br style=\"padding: 0px; margin: 0px; overflow-wrap: break-word; font-family: Montserrat, sans-serif; font-size: 15px; text-align: start;\" \/><span style=\"font-family: Montserrat, sans-serif; font-size: 15px; text-align: start;\">Com\u00e9rcio e Residencial;<\/span><br style=\"padding: 0px; margin: 0px; overflow-wrap: break-word; font-family: Montserrat, sans-serif; font-size: 15px; text-align: start;\" \/><span style=\"font-family: Montserrat, sans-serif; font-size: 15px; text-align: start;\">Condom\u00ednio Residencial;<\/span><br style=\"padding: 0px; margin: 0px; overflow-wrap: break-word; font-family: Montserrat, sans-serif; font-size: 15px; text-align: start;\" \/><span style=\"font-family: Montserrat, sans-serif; font-size: 15px; text-align: start;\">Lojas;<\/span><br style=\"padding: 0px; margin: 0px; overflow-wrap: break-word; font-family: Montserrat, sans-serif; font-size: 15px; text-align: start;\" \/><span style=\"font-family: Montserrat, sans-serif; font-size: 15px; text-align: start;\">Shoppings;<\/span><br style=\"padding: 0px; margin: 0px; overflow-wrap: break-word; font-family: Montserrat, sans-serif; font-size: 15px; text-align: start;\" \/><span style=\"font-family: Montserrat, sans-serif; font-size: 15px; text-align: start;\">Estacionamentos;<\/span><br style=\"padding: 0px; margin: 0px; overflow-wrap: break-word; font-family: Montserrat, sans-serif; font-size: 15px; text-align: start;\" \/><span style=\"font-family: Montserrat, sans-serif; font-size: 15px; text-align: start;\">Galp\u00f5es Empresas;<\/span><br style=\"padding: 0px; margin: 0px; overflow-wrap: break-word; font-family: Montserrat, sans-serif; font-size: 15px; text-align: start;\" \/><span style=\"font-family: Montserrat, sans-serif; font-size: 15px; text-align: start;\">Entre outros;<\/span><\/p>\t\t\t\t\t\t\t\t<\/div>\n\t\t\t\t<div class=\"elementor-element elementor-element-8aafa69 elementor-widget elementor-widget-image\" data-id=\"8aafa69\" data-element_type=\"widget\" data-e-type=\"widget\" data-widget_type=\"image.default\">\n\t\t\t\t\t\t\t\t\t\t\t\t\t\t\t<img decoding=\"async\" width=\"1016\" height=\"623\" data-src=\"https:\/\/alvespavimentacao.com.br\/novo\/wp-content\/uploads\/2025\/08\/imported-photo-108491.jpeg.88ecfbea4bddf806bc53b90ecb340845.jpg\" class=\"attachment-full size-full wp-image-1954 lazyload\" alt=\"\" data-srcset=\"https:\/\/alvespavimentacao.com.br\/novo\/wp-content\/uploads\/2025\/08\/imported-photo-108491.jpeg.88ecfbea4bddf806bc53b90ecb340845.jpg 1016w, https:\/\/alvespavimentacao.com.br\/novo\/wp-content\/uploads\/2025\/08\/imported-photo-108491.jpeg.88ecfbea4bddf806bc53b90ecb340845-300x184.jpg 300w, https:\/\/alvespavimentacao.com.br\/novo\/wp-content\/uploads\/2025\/08\/imported-photo-108491.jpeg.88ecfbea4bddf806bc53b90ecb340845-768x471.jpg 768w\" data-sizes=\"(max-width: 1016px) 100vw, 1016px\" src=\"data:image\/svg+xml;base64,PHN2ZyB3aWR0aD0iMSIgaGVpZ2h0PSIxIiB4bWxucz0iaHR0cDovL3d3dy53My5vcmcvMjAwMC9zdmciPjwvc3ZnPg==\" style=\"--smush-placeholder-width: 1016px; --smush-placeholder-aspect-ratio: 1016\/623;\" \/>\t\t\t\t\t\t\t\t\t\t\t\t\t\t\t<\/div>\n\t\t\t\t<div class=\"elementor-element elementor-element-7be7bb0 elementor-widget elementor-widget-text-editor\" data-id=\"7be7bb0\" data-element_type=\"widget\" data-e-type=\"widget\" data-widget_type=\"text-editor.default\">\n\t\t\t\t\t\t\t\t\t<p>Se voc\u00ea est\u00e1 buscando <strong data-start=\"372\" data-end=\"427\">servi\u00e7o de pavimenta\u00e7\u00e3o asf\u00e1ltica de alta qualidade<\/strong>, est\u00e1 no lugar certo. Atuamos com tecnologia moderna, equipe especializada e materiais de primeira linha para garantir <strong data-start=\"547\" data-end=\"606\">asfalto dur\u00e1vel, seguro e com excelente custo-benef\u00edcio<\/strong>.<\/p>\n<p data-start=\"609\" data-end=\"845\">A <strong data-start=\"611\" data-end=\"637\">pavimenta\u00e7\u00e3o asf\u00e1ltica<\/strong> \u00e9 a escolha ideal para <strong data-start=\"661\" data-end=\"740\">estradas, ruas, avenidas, estacionamentos, p\u00e1tios industriais e condom\u00ednios<\/strong>, oferecendo n\u00e3o s\u00f3 <strong data-start=\"760\" data-end=\"793\">resist\u00eancia ao tr\u00e1fego pesado<\/strong>, como tamb\u00e9m conforto e seguran\u00e7a para os usu\u00e1rios.<\/p>\n<p data-start=\"609\" data-end=\"845\">Entre em contato agora mesmo e descubra como podemos transformar seu projeto com <strong data-start=\"2461\" data-end=\"2508\">asfalto de qualidade e excelente acabamento<\/strong>.<\/p>\t\t\t\t\t\t\t\t<\/div>\n\t\t\t\t<\/div>\n\t\t\t\t<\/div>\n\t\t\t\t<\/div>\n\t\t\t\t\t<\/div>\n\t\t\t\t<\/div>\n\t\t\t\t<\/div>\n\t\t","protected":false},"excerpt":{"rendered":"<p>PAVIMENTA\u00c7\u00c3O CBUQ COLORIDO \u00a0 Pavimenta\u00e7\u00e3o Asf\u00e1ltica Colorida A pavimenta\u00e7\u00e3o asf\u00e1ltica colorida \u00e9 uma solu\u00e7\u00e3o t\u00e9cnica e est\u00e9tica utilizada para diferenciar \u00e1reas espec\u00edficas de tr\u00e1fego, promover seguran\u00e7a vi\u00e1ria e agregar valor arquitet\u00f4nico ao espa\u00e7o urbano. Trata-se de uma varia\u00e7\u00e3o do revestimento asf\u00e1ltico convencional, na qual o&hellip;<\/p>\n","protected":false},"author":1,"featured_media":0,"parent":0,"menu_order":0,"comment_status":"closed","ping_status":"closed","template":"elementor_header_footer","meta":{"footnotes":""},"class_list":["post-194","page","type-page","status-publish","hentry"],"_links":{"self":[{"href":"https:\/\/alvespavimentacao.com.br\/novo\/wp-json\/wp\/v2\/pages\/194","targetHints":{"allow":["GET"]}}],"collection":[{"href":"https:\/\/alvespavimentacao.com.br\/novo\/wp-json\/wp\/v2\/pages"}],"about":[{"href":"https:\/\/alvespavimentacao.com.br\/novo\/wp-json\/wp\/v2\/types\/page"}],"author":[{"embeddable":true,"href":"https:\/\/alvespavimentacao.com.br\/novo\/wp-json\/wp\/v2\/users\/1"}],"replies":[{"embeddable":true,"href":"https:\/\/alvespavimentacao.com.br\/novo\/wp-json\/wp\/v2\/comments?post=194"}],"version-history":[{"count":43,"href":"https:\/\/alvespavimentacao.com.br\/novo\/wp-json\/wp\/v2\/pages\/194\/revisions"}],"predecessor-version":[{"id":3224,"href":"https:\/\/alvespavimentacao.com.br\/novo\/wp-json\/wp\/v2\/pages\/194\/revisions\/3224"}],"wp:attachment":[{"href":"https:\/\/alvespavimentacao.com.br\/novo\/wp-json\/wp\/v2\/media?parent=194"}],"curies":[{"name":"wp","href":"https:\/\/api.w.org\/{rel}","templated":true}]}}