{"id":195,"date":"2022-06-30T14:32:24","date_gmt":"2022-06-30T14:32:24","guid":{"rendered":"https:\/\/alvespavimentacao.com.br\/novo\/?page_id=195"},"modified":"2025-08-27T18:50:16","modified_gmt":"2025-08-27T18:50:16","slug":"pavimentacao-ecologico","status":"publish","type":"page","link":"https:\/\/alvespavimentacao.com.br\/novo\/pavimentacao-ecologico\/","title":{"rendered":"Pavimenta\u00e7\u00e3o Ecol\u00f3gico"},"content":{"rendered":"\t\t<div data-elementor-type=\"wp-page\" data-elementor-id=\"195\" class=\"elementor elementor-195\">\n\t\t\t\t<div class=\"elementor-element elementor-element-ccd5702 e-flex e-con-boxed e-con e-parent\" data-id=\"ccd5702\" data-element_type=\"container\" data-e-type=\"container\">\n\t\t\t\t\t<div class=\"e-con-inner\">\n\t\t<div class=\"elementor-element elementor-element-82b3fc9 e-con-full e-flex e-con e-child\" data-id=\"82b3fc9\" data-element_type=\"container\" data-e-type=\"container\">\n\t\t<div class=\"elementor-element elementor-element-058c3f0 e-con-full e-flex e-con e-child\" data-id=\"058c3f0\" data-element_type=\"container\" data-e-type=\"container\">\n\t\t<div class=\"elementor-element elementor-element-ebe46cd e-con-full e-flex e-con e-child\" data-id=\"ebe46cd\" data-element_type=\"container\" data-e-type=\"container\" data-settings=\"{&quot;background_background&quot;:&quot;classic&quot;}\">\n\t\t\t\t<div class=\"elementor-element elementor-element-96a2b8f elementor-widget__width-inherit elementor-widget elementor-widget-image\" data-id=\"96a2b8f\" data-element_type=\"widget\" data-e-type=\"widget\" data-widget_type=\"image.default\">\n\t\t\t\t\t\t\t\t\t\t\t\t\t\t\t<img decoding=\"async\" data-src=\"https:\/\/alvespavimentacao.com.br\/novo\/wp-content\/uploads\/elementor\/thumbs\/asfalto_borracha-1-rahyknvpmifz1p17yf9p8tceb7tihbw4s64z7xu09c.jpg\" title=\"asfalto_borracha (1)\" alt=\"asfalto_borracha (1)\" src=\"data:image\/svg+xml;base64,PHN2ZyB3aWR0aD0iMSIgaGVpZ2h0PSIxIiB4bWxucz0iaHR0cDovL3d3dy53My5vcmcvMjAwMC9zdmciPjwvc3ZnPg==\" class=\"lazyload\" style=\"--smush-placeholder-width: 200px; --smush-placeholder-aspect-ratio: 200\/200;\" \/>\t\t\t\t\t\t\t\t\t\t\t\t\t\t\t<\/div>\n\t\t\t\t<\/div>\n\t\t<div class=\"elementor-element elementor-element-0084a6f e-con-full e-flex e-con e-child\" data-id=\"0084a6f\" data-element_type=\"container\" data-e-type=\"container\" data-settings=\"{&quot;background_background&quot;:&quot;classic&quot;}\">\n\t\t<div class=\"elementor-element elementor-element-6c7ad7f e-con-full e-flex e-con e-child\" data-id=\"6c7ad7f\" data-element_type=\"container\" data-e-type=\"container\" data-settings=\"{&quot;background_background&quot;:&quot;classic&quot;}\">\n\t\t\t\t<div class=\"elementor-element elementor-element-9a4a49e elementor-widget elementor-widget-heading\" data-id=\"9a4a49e\" data-element_type=\"widget\" data-e-type=\"widget\" data-widget_type=\"heading.default\">\n\t\t\t\t\t<h2 class=\"elementor-heading-title elementor-size-default\"><p>ASFALTO ECOL\u00d3GICO OU ASFALTO EMBORRACHADO<span style=\"font-family: Poppins, sans-serif;font-size: 29px;font-weight: 600;letter-spacing: -0.02em;white-space: pre-wrap;text-align: start;display: inline !important;float: none\"><\/span><\/p><\/h2>\t\t\t\t<\/div>\n\t\t\t\t<div class=\"elementor-element elementor-element-28b829b elementor-widget elementor-widget-text-editor\" data-id=\"28b829b\" data-element_type=\"widget\" data-e-type=\"widget\" data-widget_type=\"text-editor.default\">\n\t\t\t\t\t\t\t\t\t<p><span style=\"vertical-align: inherit;\"><span style=\"vertical-align: inherit;\"><span style=\"vertical-align: inherit;\"><span style=\"vertical-align: inherit;\"><span style=\"vertical-align: inherit;\"><span style=\"vertical-align: inherit;\">\u00a0<\/span><\/span><\/span><\/span><\/span><\/span><\/p><h3 style=\"font-family: Montserrat, sans-serif; color: #7a7a7a;\" data-start=\"130\" data-end=\"184\">Asfalto &#8211; Borracha<\/h3><div>\u00a0<\/div><p>O asfalto-borracha ou asfalto-ecol\u00f3gico pode at\u00e9 parecer uma novidade em pavimenta\u00e7\u00e3o, mas n\u00e3o \u00e9. Usado nos Estados Unidos h\u00e1 mais de 40 anos, ele s\u00f3 come\u00e7ou a ser visto no Brasil por volta do ano 2000, depois que a patente que protegia a tecnologia venceu. Foi o start para que a adi\u00e7\u00e3o do p\u00f3 extra\u00eddo de pneus usados ao ligante asf\u00e1ltico se tornasse pratic\u00e1vel.<\/p><p>O material \u00e9 caracterizado por mistura descont\u00ednua com ligante asf\u00e1ltico modificado por borracha triturada de pneus e compactado a<br \/>quente. &#8220;O asfalto-borracha tem maior ader\u00eancia, o que ajuda a evitar<br \/>derrapagens e reduz o spray causado pelos pneus em dias de chuvas\u201d.<\/p><p>A ressalva \u00e9 que esse tipo de pavimenta\u00e7\u00e3o \u00e9 cerca de 30% a 40% mais caro. &#8220;Se precisa de um processo industrial para adicionar a<\/p><p>borracha que vai dar condi\u00e7\u00e3o de melhor resist\u00eancia ao impacto de tr\u00e1fego e da intemp\u00e9rie \u00e9 \u00f3bvio que fica mais caro&#8221;.<\/p><p>\u00a0<\/p><p><b>DURABILIDADE<\/b><\/p><p>A adi\u00e7\u00e3o de p\u00f3 de borracha extra\u00eddo de pneus velho ao ligante asf\u00e1ltico aumenta a durabilidade do pavimento em at\u00e9 40%.<\/p><p>A durabilidade varia de acordo com as condi\u00e7\u00f5es da estrada,<\/p><p>a temperatura e clima da regi\u00e3o, assim como a intensidade do tr\u00e1fego. &#8220;Em uma rodovia de alto tr\u00e1fego com estrutura de pavimento robusta, o asfalto-borracha pode durar cinco anos, e em uma de baixo tr\u00e1fego bem estruturada e com as mesmas condi\u00e7\u00f5es clim\u00e1ticas pode durar 25, 30 anos<\/p><p>\u00a0<\/p><p><b>ECOL\u00d3GICO<\/b><\/p><p>Na pavimenta\u00e7\u00e3o de 1 km de rodovias com asfalto-borracha, a utiliza em torno 600 a 1000 pneus, e as vantagens de aumentar a estabilidade e prolongar a vida \u00fatil do pavimento.<\/p><p>\u00a0<\/p><p><span style=\"font-size: 11.0pt; line-height: 107%; font-family: 'Calibri',sans-serif; mso-ascii-theme-font: minor-latin; mso-fareast-font-family: Calibri; mso-fareast-theme-font: minor-latin; mso-hansi-theme-font: minor-latin; mso-bidi-font-family: 'Times New Roman'; mso-bidi-theme-font: minor-bidi; mso-ansi-language: PT-BR; mso-fareast-language: EN-US; mso-bidi-language: AR-SA;\">Com a mistura do p\u00f3 de borracha (que se assemelha a uma farinha preta), o ligante asf\u00e1ltico fica mais viscoso, mais grosso, e precisa de uma temperatura maior para ficar l\u00edquido e se tornar trabalh\u00e1vel. Enquanto o asfalto convencional exige calor de 60\u00ba ou 70\u00ba, o asfalto-ecol\u00f3gico precisa de 170\u00ba ou at\u00e9 180\u00ba, dependendo da quantidade de p\u00f3 de borracha adicionado a ele. No final, nem se v\u00ea a borracha dissolvida. A \u00faltima etapa \u00e9 adicionar pedra ao ligante e aplicar na estrada.<\/span><\/p>\t\t\t\t\t\t\t\t<\/div>\n\t\t\t\t<\/div>\n\t\t<div class=\"elementor-element elementor-element-dfc176d e-con-full e-flex e-con e-child\" data-id=\"dfc176d\" data-element_type=\"container\" data-e-type=\"container\" data-settings=\"{&quot;background_background&quot;:&quot;classic&quot;}\">\n\t\t\t\t<div class=\"elementor-element elementor-element-dff6f25 elementor-widget elementor-widget-image\" data-id=\"dff6f25\" data-element_type=\"widget\" data-e-type=\"widget\" data-widget_type=\"image.default\">\n\t\t\t\t\t\t\t\t\t\t\t\t\t\t\t<img fetchpriority=\"high\" decoding=\"async\" width=\"900\" height=\"295\" src=\"https:\/\/alvespavimentacao.com.br\/novo\/wp-content\/uploads\/2022\/08\/33-3.jpg\" class=\"attachment-full size-full wp-image-1321\" alt=\"\" srcset=\"https:\/\/alvespavimentacao.com.br\/novo\/wp-content\/uploads\/2022\/08\/33-3.jpg 900w, https:\/\/alvespavimentacao.com.br\/novo\/wp-content\/uploads\/2022\/08\/33-3-300x98.jpg 300w, https:\/\/alvespavimentacao.com.br\/novo\/wp-content\/uploads\/2022\/08\/33-3-768x252.jpg 768w\" sizes=\"(max-width: 900px) 100vw, 900px\" \/>\t\t\t\t\t\t\t\t\t\t\t\t\t\t\t<\/div>\n\t\t\t\t<div class=\"elementor-element elementor-element-3c4d2a7 elementor-widget elementor-widget-text-editor\" data-id=\"3c4d2a7\" data-element_type=\"widget\" data-e-type=\"widget\" data-widget_type=\"text-editor.default\">\n\t\t\t\t\t\t\t\t\t<p><span style=\"vertical-align: inherit;\"><span style=\"vertical-align: inherit;\"><span style=\"vertical-align: inherit;\"><span style=\"vertical-align: inherit;\"><span style=\"vertical-align: inherit;\"><span style=\"vertical-align: inherit;\"><span style=\"vertical-align: inherit;\"><span style=\"vertical-align: inherit;\">ATENDEMOS:<\/span><\/span><\/span><\/span><\/span><\/span><\/span><\/span><\/p>\t\t\t\t\t\t\t\t<\/div>\n\t\t\t\t<div class=\"elementor-element elementor-element-ed560a1 elementor-widget elementor-widget-text-editor\" data-id=\"ed560a1\" data-element_type=\"widget\" data-e-type=\"widget\" data-widget_type=\"text-editor.default\">\n\t\t\t\t\t\t\t\t\t<p>\u00a0<br \/><span style=\"font-family: Montserrat, sans-serif; font-size: 15px; text-align: start;\">Industrias<\/span><br style=\"padding: 0px; margin: 0px; overflow-wrap: break-word; font-family: Montserrat, sans-serif; font-size: 15px; text-align: start;\" \/><span style=\"font-family: Montserrat, sans-serif; font-size: 15px; text-align: start;\">Com\u00e9rcio e Residencial;<\/span><br style=\"padding: 0px; margin: 0px; overflow-wrap: break-word; font-family: Montserrat, sans-serif; font-size: 15px; text-align: start;\" \/><span style=\"font-family: Montserrat, sans-serif; font-size: 15px; text-align: start;\">Condom\u00ednio Residencial;<\/span><br style=\"padding: 0px; margin: 0px; overflow-wrap: break-word; font-family: Montserrat, sans-serif; font-size: 15px; text-align: start;\" \/><span style=\"font-family: Montserrat, sans-serif; font-size: 15px; text-align: start;\">Lojas;<\/span><br style=\"padding: 0px; margin: 0px; overflow-wrap: break-word; font-family: Montserrat, sans-serif; font-size: 15px; text-align: start;\" \/><span style=\"font-family: Montserrat, sans-serif; font-size: 15px; text-align: start;\">Shoppings;<\/span><br style=\"padding: 0px; margin: 0px; overflow-wrap: break-word; font-family: Montserrat, sans-serif; font-size: 15px; text-align: start;\" \/><span style=\"font-family: Montserrat, sans-serif; font-size: 15px; text-align: start;\">Estacionamentos;<\/span><br style=\"padding: 0px; margin: 0px; overflow-wrap: break-word; font-family: Montserrat, sans-serif; font-size: 15px; text-align: start;\" \/><span style=\"font-family: Montserrat, sans-serif; font-size: 15px; text-align: start;\">Galp\u00f5es Empresas;<\/span><br style=\"padding: 0px; margin: 0px; overflow-wrap: break-word; font-family: Montserrat, sans-serif; font-size: 15px; text-align: start;\" \/><span style=\"font-family: Montserrat, sans-serif; font-size: 15px; text-align: start;\">Entre outros;<\/span><\/p>\t\t\t\t\t\t\t\t<\/div>\n\t\t\t\t<div class=\"elementor-element elementor-element-fe75f05 elementor-widget elementor-widget-image\" data-id=\"fe75f05\" data-element_type=\"widget\" data-e-type=\"widget\" data-widget_type=\"image.default\">\n\t\t\t\t\t\t\t\t\t\t\t\t\t\t\t<img decoding=\"async\" width=\"1016\" height=\"623\" data-src=\"https:\/\/alvespavimentacao.com.br\/novo\/wp-content\/uploads\/2025\/08\/imported-photo-108491.jpeg.88ecfbea4bddf806bc53b90ecb340845.jpg\" class=\"attachment-full size-full wp-image-1954 lazyload\" alt=\"\" data-srcset=\"https:\/\/alvespavimentacao.com.br\/novo\/wp-content\/uploads\/2025\/08\/imported-photo-108491.jpeg.88ecfbea4bddf806bc53b90ecb340845.jpg 1016w, https:\/\/alvespavimentacao.com.br\/novo\/wp-content\/uploads\/2025\/08\/imported-photo-108491.jpeg.88ecfbea4bddf806bc53b90ecb340845-300x184.jpg 300w, https:\/\/alvespavimentacao.com.br\/novo\/wp-content\/uploads\/2025\/08\/imported-photo-108491.jpeg.88ecfbea4bddf806bc53b90ecb340845-768x471.jpg 768w\" data-sizes=\"(max-width: 1016px) 100vw, 1016px\" src=\"data:image\/svg+xml;base64,PHN2ZyB3aWR0aD0iMSIgaGVpZ2h0PSIxIiB4bWxucz0iaHR0cDovL3d3dy53My5vcmcvMjAwMC9zdmciPjwvc3ZnPg==\" style=\"--smush-placeholder-width: 1016px; --smush-placeholder-aspect-ratio: 1016\/623;\" \/>\t\t\t\t\t\t\t\t\t\t\t\t\t\t\t<\/div>\n\t\t\t\t<div class=\"elementor-element elementor-element-f9d2add elementor-widget elementor-widget-text-editor\" data-id=\"f9d2add\" data-element_type=\"widget\" data-e-type=\"widget\" data-widget_type=\"text-editor.default\">\n\t\t\t\t\t\t\t\t\t<p>Se voc\u00ea est\u00e1 buscando <strong data-start=\"372\" data-end=\"427\">servi\u00e7o de pavimenta\u00e7\u00e3o asf\u00e1ltica de alta qualidade<\/strong>, est\u00e1 no lugar certo. Atuamos com tecnologia moderna, equipe especializada e materiais de primeira linha para garantir <strong data-start=\"547\" data-end=\"606\">asfalto dur\u00e1vel, seguro e com excelente custo-benef\u00edcio<\/strong>.<\/p>\n<p data-start=\"609\" data-end=\"845\">A <strong data-start=\"611\" data-end=\"637\">pavimenta\u00e7\u00e3o asf\u00e1ltica<\/strong> \u00e9 a escolha ideal para <strong data-start=\"661\" data-end=\"740\">estradas, ruas, avenidas, estacionamentos, p\u00e1tios industriais e condom\u00ednios<\/strong>, oferecendo n\u00e3o s\u00f3 <strong data-start=\"760\" data-end=\"793\">resist\u00eancia ao tr\u00e1fego pesado<\/strong>, como tamb\u00e9m conforto e seguran\u00e7a para os usu\u00e1rios.<\/p>\n<p data-start=\"609\" data-end=\"845\">Entre em contato agora mesmo e descubra como podemos transformar seu projeto com <strong data-start=\"2461\" data-end=\"2508\">asfalto de qualidade e excelente acabamento<\/strong>.<\/p>\t\t\t\t\t\t\t\t<\/div>\n\t\t\t\t<\/div>\n\t\t\t\t<\/div>\n\t\t\t\t<\/div>\n\t\t\t\t<\/div>\n\t\t\t\t\t<\/div>\n\t\t\t\t<\/div>\n\t\t\t\t<\/div>\n\t\t","protected":false},"excerpt":{"rendered":"<p>ASFALTO ECOL\u00d3GICO OU ASFALTO EMBORRACHADO \u00a0 Asfalto &#8211; Borracha \u00a0 O asfalto-borracha ou asfalto-ecol\u00f3gico pode at\u00e9 parecer uma novidade em pavimenta\u00e7\u00e3o, mas n\u00e3o \u00e9. Usado nos Estados Unidos h\u00e1 mais de 40 anos, ele s\u00f3 come\u00e7ou a ser visto no Brasil por volta do ano&hellip;<\/p>\n","protected":false},"author":1,"featured_media":0,"parent":0,"menu_order":0,"comment_status":"closed","ping_status":"closed","template":"elementor_header_footer","meta":{"footnotes":""},"class_list":["post-195","page","type-page","status-publish","hentry"],"_links":{"self":[{"href":"https:\/\/alvespavimentacao.com.br\/novo\/wp-json\/wp\/v2\/pages\/195","targetHints":{"allow":["GET"]}}],"collection":[{"href":"https:\/\/alvespavimentacao.com.br\/novo\/wp-json\/wp\/v2\/pages"}],"about":[{"href":"https:\/\/alvespavimentacao.com.br\/novo\/wp-json\/wp\/v2\/types\/page"}],"author":[{"embeddable":true,"href":"https:\/\/alvespavimentacao.com.br\/novo\/wp-json\/wp\/v2\/users\/1"}],"replies":[{"embeddable":true,"href":"https:\/\/alvespavimentacao.com.br\/novo\/wp-json\/wp\/v2\/comments?post=195"}],"version-history":[{"count":19,"href":"https:\/\/alvespavimentacao.com.br\/novo\/wp-json\/wp\/v2\/pages\/195\/revisions"}],"predecessor-version":[{"id":3236,"href":"https:\/\/alvespavimentacao.com.br\/novo\/wp-json\/wp\/v2\/pages\/195\/revisions\/3236"}],"wp:attachment":[{"href":"https:\/\/alvespavimentacao.com.br\/novo\/wp-json\/wp\/v2\/media?parent=195"}],"curies":[{"name":"wp","href":"https:\/\/api.w.org\/{rel}","templated":true}]}}