{"id":2220,"date":"2025-08-19T23:45:02","date_gmt":"2025-08-19T23:45:02","guid":{"rendered":"https:\/\/alvespavimentacao.com.br\/novo\/?page_id=2220"},"modified":"2025-08-27T16:56:07","modified_gmt":"2025-08-27T16:56:07","slug":"nosso-metas","status":"publish","type":"page","link":"https:\/\/alvespavimentacao.com.br\/novo\/nosso-metas\/","title":{"rendered":"Nossas Metas"},"content":{"rendered":"\t\t<div data-elementor-type=\"wp-page\" data-elementor-id=\"2220\" class=\"elementor elementor-2220\">\n\t\t\t\t<div class=\"elementor-element elementor-element-6b1868c elementor-hidden-mobile e-flex e-con-boxed e-con e-parent\" data-id=\"6b1868c\" data-element_type=\"container\" data-e-type=\"container\">\n\t\t\t\t\t<div class=\"e-con-inner\">\n\t\t<div class=\"elementor-element elementor-element-c48b8bd e-con-full e-flex e-con e-child\" data-id=\"c48b8bd\" data-element_type=\"container\" data-e-type=\"container\">\n\t\t<div class=\"elementor-element elementor-element-ad8fb4b e-con-full e-flex e-con e-child\" data-id=\"ad8fb4b\" data-element_type=\"container\" data-e-type=\"container\" data-settings=\"{&quot;background_background&quot;:&quot;classic&quot;}\">\n\t\t\t\t<div class=\"elementor-element elementor-element-d2d7cf7 elementor-widget__width-inherit elementor-widget elementor-widget-image\" data-id=\"d2d7cf7\" data-element_type=\"widget\" data-e-type=\"widget\" data-widget_type=\"image.default\">\n\t\t\t\t\t\t\t\t\t\t\t\t\t\t\t<img decoding=\"async\" data-src=\"https:\/\/alvespavimentacao.com.br\/novo\/wp-content\/uploads\/elementor\/thumbs\/Logo-ArqPav-raichgc6svzkmllvow63ofxbxjhjfzzuyupvv3b174.png\" title=\"Logo ArqPav\" alt=\"Logo ArqPav\" src=\"data:image\/svg+xml;base64,PHN2ZyB3aWR0aD0iMSIgaGVpZ2h0PSIxIiB4bWxucz0iaHR0cDovL3d3dy53My5vcmcvMjAwMC9zdmciPjwvc3ZnPg==\" class=\"lazyload\" style=\"--smush-placeholder-width: 200px; --smush-placeholder-aspect-ratio: 200\/200;\" \/>\t\t\t\t\t\t\t\t\t\t\t\t\t\t\t<\/div>\n\t\t\t\t<\/div>\n\t\t<div class=\"elementor-element elementor-element-0960a0e e-con-full e-flex e-con e-child\" data-id=\"0960a0e\" data-element_type=\"container\" data-e-type=\"container\" data-settings=\"{&quot;background_background&quot;:&quot;classic&quot;}\">\n\t\t<div class=\"elementor-element elementor-element-7a78bc0 e-con-full e-flex e-con e-child\" data-id=\"7a78bc0\" data-element_type=\"container\" data-e-type=\"container\" data-settings=\"{&quot;background_background&quot;:&quot;classic&quot;}\">\n\t\t\t\t<div class=\"elementor-element elementor-element-5bed3ea elementor-widget elementor-widget-heading\" data-id=\"5bed3ea\" data-element_type=\"widget\" data-e-type=\"widget\" data-widget_type=\"heading.default\">\n\t\t\t\t\t<h2 class=\"elementor-heading-title elementor-size-default\">NOSSAS METAS<\/h2>\t\t\t\t<\/div>\n\t\t\t\t<div class=\"elementor-element elementor-element-d751dfe elementor-widget elementor-widget-text-editor\" data-id=\"d751dfe\" data-element_type=\"widget\" data-e-type=\"widget\" data-widget_type=\"text-editor.default\">\n\t\t\t\t\t\t\t\t\t<p><span style=\"vertical-align: inherit;\"><span style=\"vertical-align: inherit;\"><span style=\"vertical-align: inherit;\"><span style=\"vertical-align: inherit;\"><span style=\"vertical-align: inherit;\"><span style=\"vertical-align: inherit;\">\u00a0<\/span><\/span><\/span><\/span><\/span><\/span><\/p><p>Na<b> Alves Pavimenta\u00e7\u00e3o<\/b>, acreditamos que o caminho para o crescimento sustent\u00e1vel e a excel\u00eancia passa por metas claras, planejamento estrat\u00e9gico e compromisso com a qualidade. Como empresa especializada em pavimenta\u00e7\u00e3o, nosso foco est\u00e1 n\u00e3o apenas em entregar obras com alto padr\u00e3o t\u00e9cnico, mas tamb\u00e9m em contribuir para o desenvolvimento das comunidades onde atuamos.<\/p><p>\u00a0<\/p><p data-start=\"600\" data-end=\"628\">Nossas principais metas s\u00e3o:<\/p><ul data-start=\"630\" data-end=\"1623\"><li data-start=\"630\" data-end=\"813\"><p data-start=\"632\" data-end=\"813\"><strong data-start=\"632\" data-end=\"661\">Qualidade e Durabilidade:<\/strong> Garantir que cada projeto entregue atenda aos mais altos padr\u00f5es de engenharia e qualidade, com foco na durabilidade e seguran\u00e7a das vias pavimentadas.<\/p><\/li><li data-start=\"815\" data-end=\"977\"><p data-start=\"817\" data-end=\"977\"><strong data-start=\"817\" data-end=\"843\">Satisfa\u00e7\u00e3o do Cliente:<\/strong> Superar as expectativas dos nossos clientes, prezando sempre pela transpar\u00eancia, pontualidade na entrega e atendimento personalizado.<\/p><\/li><li data-start=\"979\" data-end=\"1156\"><p data-start=\"981\" data-end=\"1156\"><strong data-start=\"1316\" data-end=\"1342\">Valoriza\u00e7\u00e3o da Equipe:<\/strong> Capacitar constantemente nossos colaboradores, promovendo um ambiente de trabalho seguro, \u00e9tico e colaborativo.<\/p><\/li><\/ul><p data-start=\"1625\" data-end=\"1826\">Nosso objetivo \u00e9 ser refer\u00eancia no setor de pavimenta\u00e7\u00e3o, entregando obras que impulsionem a mobilidade, valorizem o espa\u00e7o urbano e gerem resultados duradouros para nossos clientes e para a sociedade.<\/p>\t\t\t\t\t\t\t\t<\/div>\n\t\t\t\t<div class=\"elementor-element elementor-element-6459e9d elementor-widget elementor-widget-text-editor\" data-id=\"6459e9d\" data-element_type=\"widget\" data-e-type=\"widget\" data-widget_type=\"text-editor.default\">\n\t\t\t\t\t\t\t\t\t<p><span style=\"vertical-align: inherit;\"><span style=\"vertical-align: inherit;\"><span style=\"vertical-align: inherit;\"><span style=\"vertical-align: inherit;\"><span style=\"vertical-align: inherit;\"><span style=\"vertical-align: inherit;\"><span style=\"vertical-align: inherit;\"><span style=\"vertical-align: inherit;\">ATENDEMOS:<\/span><\/span><\/span><\/span><\/span><\/span><\/span><\/span><\/p>\t\t\t\t\t\t\t\t<\/div>\n\t\t\t\t<div class=\"elementor-element elementor-element-66ab39a elementor-widget elementor-widget-text-editor\" data-id=\"66ab39a\" data-element_type=\"widget\" data-e-type=\"widget\" data-widget_type=\"text-editor.default\">\n\t\t\t\t\t\t\t\t\t<p>\u00a0<br \/><span style=\"font-family: Montserrat, sans-serif; font-size: 15px; text-align: start;\">Industrias<\/span><br style=\"padding: 0px; margin: 0px; overflow-wrap: break-word; font-family: Montserrat, sans-serif; font-size: 15px; text-align: start;\" \/><span style=\"font-family: Montserrat, sans-serif; font-size: 15px; text-align: start;\">Com\u00e9rcio e Residencial;<\/span><br style=\"padding: 0px; margin: 0px; overflow-wrap: break-word; font-family: Montserrat, sans-serif; font-size: 15px; text-align: start;\" \/><span style=\"font-family: Montserrat, sans-serif; font-size: 15px; text-align: start;\">Condom\u00ednio Residencial;<\/span><br style=\"padding: 0px; margin: 0px; overflow-wrap: break-word; font-family: Montserrat, sans-serif; font-size: 15px; text-align: start;\" \/><span style=\"font-family: Montserrat, sans-serif; font-size: 15px; text-align: start;\">Lojas;<\/span><br style=\"padding: 0px; margin: 0px; overflow-wrap: break-word; font-family: Montserrat, sans-serif; font-size: 15px; text-align: start;\" \/><span style=\"font-family: Montserrat, sans-serif; font-size: 15px; text-align: start;\">Shoppings;<\/span><br style=\"padding: 0px; margin: 0px; overflow-wrap: break-word; font-family: Montserrat, sans-serif; font-size: 15px; text-align: start;\" \/><span style=\"font-family: Montserrat, sans-serif; font-size: 15px; text-align: start;\">Estacionamentos;<\/span><br style=\"padding: 0px; margin: 0px; overflow-wrap: break-word; font-family: Montserrat, sans-serif; font-size: 15px; text-align: start;\" \/><span style=\"font-family: Montserrat, sans-serif; font-size: 15px; text-align: start;\">Galp\u00f5es Empresas;<\/span><br style=\"padding: 0px; margin: 0px; overflow-wrap: break-word; font-family: Montserrat, sans-serif; font-size: 15px; text-align: start;\" \/><span style=\"font-family: Montserrat, sans-serif; font-size: 15px; text-align: start;\">Entre outros;<\/span><\/p>\t\t\t\t\t\t\t\t<\/div>\n\t\t\t\t<\/div>\n\t\t<div class=\"elementor-element elementor-element-c5b8ae2 e-con-full e-flex e-con e-child\" data-id=\"c5b8ae2\" data-element_type=\"container\" data-e-type=\"container\" data-settings=\"{&quot;background_background&quot;:&quot;classic&quot;}\">\n\t\t\t\t<div class=\"elementor-element elementor-element-145fcff elementor-widget elementor-widget-image\" data-id=\"145fcff\" data-element_type=\"widget\" data-e-type=\"widget\" data-widget_type=\"image.default\">\n\t\t\t\t\t\t\t\t\t\t\t\t\t\t\t<img fetchpriority=\"high\" decoding=\"async\" width=\"1016\" height=\"623\" src=\"https:\/\/alvespavimentacao.com.br\/novo\/wp-content\/uploads\/2025\/08\/imported-photo-108491.jpeg.88ecfbea4bddf806bc53b90ecb340845.jpg\" class=\"attachment-full size-full wp-image-1954\" alt=\"\" srcset=\"https:\/\/alvespavimentacao.com.br\/novo\/wp-content\/uploads\/2025\/08\/imported-photo-108491.jpeg.88ecfbea4bddf806bc53b90ecb340845.jpg 1016w, https:\/\/alvespavimentacao.com.br\/novo\/wp-content\/uploads\/2025\/08\/imported-photo-108491.jpeg.88ecfbea4bddf806bc53b90ecb340845-300x184.jpg 300w, https:\/\/alvespavimentacao.com.br\/novo\/wp-content\/uploads\/2025\/08\/imported-photo-108491.jpeg.88ecfbea4bddf806bc53b90ecb340845-768x471.jpg 768w\" sizes=\"(max-width: 1016px) 100vw, 1016px\" \/>\t\t\t\t\t\t\t\t\t\t\t\t\t\t\t<\/div>\n\t\t\t\t<div class=\"elementor-element elementor-element-11ac2f8 elementor-widget elementor-widget-text-editor\" data-id=\"11ac2f8\" data-element_type=\"widget\" data-e-type=\"widget\" data-widget_type=\"text-editor.default\">\n\t\t\t\t\t\t\t\t\t<p>Se voc\u00ea est\u00e1 buscando <strong data-start=\"372\" data-end=\"427\">servi\u00e7o de pavimenta\u00e7\u00e3o asf\u00e1ltica de alta qualidade<\/strong>, est\u00e1 no lugar certo. Atuamos com tecnologia moderna, equipe especializada e materiais de primeira linha para garantir <strong data-start=\"547\" data-end=\"606\">asfalto dur\u00e1vel, seguro e com excelente custo-benef\u00edcio<\/strong>.<\/p><p data-start=\"609\" data-end=\"845\">A <strong data-start=\"611\" data-end=\"637\">pavimenta\u00e7\u00e3o asf\u00e1ltica<\/strong> \u00e9 a escolha ideal para <strong data-start=\"661\" data-end=\"740\">estradas, ruas, avenidas, estacionamentos, p\u00e1tios industriais e condom\u00ednios<\/strong>, oferecendo n\u00e3o s\u00f3 <strong data-start=\"760\" data-end=\"793\">resist\u00eancia ao tr\u00e1fego pesado<\/strong>, como tamb\u00e9m conforto e seguran\u00e7a para os usu\u00e1rios.<\/p><p data-start=\"609\" data-end=\"845\">Entre em contato agora mesmo e descubra como podemos transformar seu projeto com <strong data-start=\"2461\" data-end=\"2508\">asfalto de qualidade e excelente acabamento<\/strong>.<\/p>\t\t\t\t\t\t\t\t<\/div>\n\t\t\t\t<\/div>\n\t\t\t\t<\/div>\n\t\t\t\t<\/div>\n\t\t\t\t\t<\/div>\n\t\t\t\t<\/div>\n\t\t<div class=\"elementor-element elementor-element-746da5b elementor-hidden-desktop elementor-hidden-tablet e-flex e-con-boxed e-con e-parent\" data-id=\"746da5b\" data-element_type=\"container\" data-e-type=\"container\">\n\t\t\t\t\t<div class=\"e-con-inner\">\n\t\t<div class=\"elementor-element elementor-element-fbc927e e-con-full e-flex e-con e-child\" data-id=\"fbc927e\" data-element_type=\"container\" data-e-type=\"container\">\n\t\t<div class=\"elementor-element elementor-element-0816c0d e-con-full e-flex e-con e-child\" data-id=\"0816c0d\" data-element_type=\"container\" data-e-type=\"container\" data-settings=\"{&quot;background_background&quot;:&quot;classic&quot;}\">\n\t\t<div class=\"elementor-element elementor-element-b58b0ee e-con-full e-flex e-con e-child\" data-id=\"b58b0ee\" data-element_type=\"container\" data-e-type=\"container\" data-settings=\"{&quot;background_background&quot;:&quot;classic&quot;}\">\n\t\t\t\t<div class=\"elementor-element elementor-element-649e61b elementor-widget elementor-widget-heading\" data-id=\"649e61b\" data-element_type=\"widget\" data-e-type=\"widget\" data-widget_type=\"heading.default\">\n\t\t\t\t\t<h2 class=\"elementor-heading-title elementor-size-default\">NOSSAS METAS<\/h2>\t\t\t\t<\/div>\n\t\t\t\t<div class=\"elementor-element elementor-element-4de7eb3 elementor-widget elementor-widget-text-editor\" data-id=\"4de7eb3\" data-element_type=\"widget\" data-e-type=\"widget\" data-widget_type=\"text-editor.default\">\n\t\t\t\t\t\t\t\t\t<p><span style=\"vertical-align: inherit;\"><span style=\"vertical-align: inherit;\"><span style=\"vertical-align: inherit;\"><span style=\"vertical-align: inherit;\"><span style=\"vertical-align: inherit;\"><span style=\"vertical-align: inherit;\">\u00a0<\/span><\/span><\/span><\/span><\/span><\/span><\/p><p>Na<b> Alves Pavimenta\u00e7\u00e3o<\/b>, acreditamos que o caminho para o crescimento sustent\u00e1vel e a excel\u00eancia passa por metas claras, planejamento estrat\u00e9gico e compromisso com a qualidade. Como empresa especializada em pavimenta\u00e7\u00e3o, nosso foco est\u00e1 n\u00e3o apenas em entregar obras com alto padr\u00e3o t\u00e9cnico, mas tamb\u00e9m em contribuir para o desenvolvimento das comunidades onde atuamos.<\/p><p>\u00a0<\/p><p data-start=\"600\" data-end=\"628\">Nossas principais metas s\u00e3o:<\/p><ul data-start=\"630\" data-end=\"1623\"><li data-start=\"630\" data-end=\"813\"><p data-start=\"632\" data-end=\"813\"><strong data-start=\"632\" data-end=\"661\">Qualidade e Durabilidade:<\/strong> Garantir que cada projeto entregue atenda aos mais altos padr\u00f5es de engenharia e qualidade, com foco na durabilidade e seguran\u00e7a das vias pavimentadas.<\/p><\/li><li data-start=\"815\" data-end=\"977\"><p data-start=\"817\" data-end=\"977\"><strong data-start=\"817\" data-end=\"843\">Satisfa\u00e7\u00e3o do Cliente:<\/strong> Superar as expectativas dos nossos clientes, prezando sempre pela transpar\u00eancia, pontualidade na entrega e atendimento personalizado.<\/p><\/li><li data-start=\"979\" data-end=\"1156\"><p data-start=\"981\" data-end=\"1156\"><strong data-start=\"1316\" data-end=\"1342\">Valoriza\u00e7\u00e3o da Equipe:<\/strong> Capacitar constantemente nossos colaboradores, promovendo um ambiente de trabalho seguro, \u00e9tico e colaborativo.<\/p><\/li><\/ul><p data-start=\"1625\" data-end=\"1826\">Nosso objetivo \u00e9 ser refer\u00eancia no setor de pavimenta\u00e7\u00e3o, entregando obras que impulsionem a mobilidade, valorizem o espa\u00e7o urbano e gerem resultados duradouros para nossos clientes e para a sociedade.<\/p>\t\t\t\t\t\t\t\t<\/div>\n\t\t\t\t<div class=\"elementor-element elementor-element-cb7477c elementor-widget elementor-widget-text-editor\" data-id=\"cb7477c\" data-element_type=\"widget\" data-e-type=\"widget\" data-widget_type=\"text-editor.default\">\n\t\t\t\t\t\t\t\t\t<p><span style=\"vertical-align: inherit;\"><span style=\"vertical-align: inherit;\"><span style=\"vertical-align: inherit;\"><span style=\"vertical-align: inherit;\"><span style=\"vertical-align: inherit;\"><span style=\"vertical-align: inherit;\"><span style=\"vertical-align: inherit;\"><span style=\"vertical-align: inherit;\">ATENDEMOS:<\/span><\/span><\/span><\/span><\/span><\/span><\/span><\/span><\/p>\t\t\t\t\t\t\t\t<\/div>\n\t\t\t\t<div class=\"elementor-element elementor-element-6a44f5d elementor-widget elementor-widget-text-editor\" data-id=\"6a44f5d\" data-element_type=\"widget\" data-e-type=\"widget\" data-widget_type=\"text-editor.default\">\n\t\t\t\t\t\t\t\t\t<p>\u00a0<br \/><span style=\"font-family: Montserrat, sans-serif; font-size: 15px; text-align: start;\">Industrias<\/span><br style=\"padding: 0px; margin: 0px; overflow-wrap: break-word; font-family: Montserrat, sans-serif; font-size: 15px; text-align: start;\" \/><span style=\"font-family: Montserrat, sans-serif; font-size: 15px; text-align: start;\">Com\u00e9rcio e Residencial;<\/span><br style=\"padding: 0px; margin: 0px; overflow-wrap: break-word; font-family: Montserrat, sans-serif; font-size: 15px; text-align: start;\" \/><span style=\"font-family: Montserrat, sans-serif; font-size: 15px; text-align: start;\">Condom\u00ednio Residencial;<\/span><br style=\"padding: 0px; margin: 0px; overflow-wrap: break-word; font-family: Montserrat, sans-serif; font-size: 15px; text-align: start;\" \/><span style=\"font-family: Montserrat, sans-serif; font-size: 15px; text-align: start;\">Lojas;<\/span><br style=\"padding: 0px; margin: 0px; overflow-wrap: break-word; font-family: Montserrat, sans-serif; font-size: 15px; text-align: start;\" \/><span style=\"font-family: Montserrat, sans-serif; font-size: 15px; text-align: start;\">Shoppings;<\/span><br style=\"padding: 0px; margin: 0px; overflow-wrap: break-word; font-family: Montserrat, sans-serif; font-size: 15px; text-align: start;\" \/><span style=\"font-family: Montserrat, sans-serif; font-size: 15px; text-align: start;\">Estacionamentos;<\/span><br style=\"padding: 0px; margin: 0px; overflow-wrap: break-word; font-family: Montserrat, sans-serif; font-size: 15px; text-align: start;\" \/><span style=\"font-family: Montserrat, sans-serif; font-size: 15px; text-align: start;\">Galp\u00f5es Empresas;<\/span><br style=\"padding: 0px; margin: 0px; overflow-wrap: break-word; font-family: Montserrat, sans-serif; font-size: 15px; text-align: start;\" \/><span style=\"font-family: Montserrat, sans-serif; font-size: 15px; text-align: start;\">Entre outros;<\/span><\/p>\t\t\t\t\t\t\t\t<\/div>\n\t\t\t\t<\/div>\n\t\t<div class=\"elementor-element elementor-element-8524a84 e-con-full e-flex e-con e-child\" data-id=\"8524a84\" data-element_type=\"container\" data-e-type=\"container\" data-settings=\"{&quot;background_background&quot;:&quot;classic&quot;}\">\n\t\t\t\t<div class=\"elementor-element elementor-element-34dd6fb elementor-widget elementor-widget-image\" data-id=\"34dd6fb\" data-element_type=\"widget\" data-e-type=\"widget\" data-widget_type=\"image.default\">\n\t\t\t\t\t\t\t\t\t\t\t\t\t\t\t<img fetchpriority=\"high\" decoding=\"async\" width=\"1016\" height=\"623\" src=\"https:\/\/alvespavimentacao.com.br\/novo\/wp-content\/uploads\/2025\/08\/imported-photo-108491.jpeg.88ecfbea4bddf806bc53b90ecb340845.jpg\" class=\"attachment-full size-full wp-image-1954\" alt=\"\" srcset=\"https:\/\/alvespavimentacao.com.br\/novo\/wp-content\/uploads\/2025\/08\/imported-photo-108491.jpeg.88ecfbea4bddf806bc53b90ecb340845.jpg 1016w, https:\/\/alvespavimentacao.com.br\/novo\/wp-content\/uploads\/2025\/08\/imported-photo-108491.jpeg.88ecfbea4bddf806bc53b90ecb340845-300x184.jpg 300w, https:\/\/alvespavimentacao.com.br\/novo\/wp-content\/uploads\/2025\/08\/imported-photo-108491.jpeg.88ecfbea4bddf806bc53b90ecb340845-768x471.jpg 768w\" sizes=\"(max-width: 1016px) 100vw, 1016px\" \/>\t\t\t\t\t\t\t\t\t\t\t\t\t\t\t<\/div>\n\t\t\t\t<div class=\"elementor-element elementor-element-a8ed8e3 elementor-widget elementor-widget-text-editor\" data-id=\"a8ed8e3\" data-element_type=\"widget\" data-e-type=\"widget\" data-widget_type=\"text-editor.default\">\n\t\t\t\t\t\t\t\t\t<p>Se voc\u00ea est\u00e1 buscando <strong data-start=\"372\" data-end=\"427\">servi\u00e7o de pavimenta\u00e7\u00e3o asf\u00e1ltica de alta qualidade<\/strong>, est\u00e1 no lugar certo. Atuamos com tecnologia moderna, equipe especializada e materiais de primeira linha para garantir <strong data-start=\"547\" data-end=\"606\">asfalto dur\u00e1vel, seguro e com excelente custo-benef\u00edcio<\/strong>.<\/p><p data-start=\"609\" data-end=\"845\">A <strong data-start=\"611\" data-end=\"637\">pavimenta\u00e7\u00e3o asf\u00e1ltica<\/strong> \u00e9 a escolha ideal para <strong data-start=\"661\" data-end=\"740\">estradas, ruas, avenidas, estacionamentos, p\u00e1tios industriais e condom\u00ednios<\/strong>, oferecendo n\u00e3o s\u00f3 <strong data-start=\"760\" data-end=\"793\">resist\u00eancia ao tr\u00e1fego pesado<\/strong>, como tamb\u00e9m conforto e seguran\u00e7a para os usu\u00e1rios.<\/p><p data-start=\"609\" data-end=\"845\">Entre em contato agora mesmo e descubra como podemos transformar seu projeto com <strong data-start=\"2461\" data-end=\"2508\">asfalto de qualidade e excelente acabamento<\/strong>.<\/p>\t\t\t\t\t\t\t\t<\/div>\n\t\t\t\t<\/div>\n\t\t\t\t<\/div>\n\t\t\t\t<\/div>\n\t\t\t\t\t<\/div>\n\t\t\t\t<\/div>\n\t\t\t\t<\/div>\n\t\t","protected":false},"excerpt":{"rendered":"<p>NOSSAS METAS \u00a0 Na Alves Pavimenta\u00e7\u00e3o, acreditamos que o caminho para o crescimento sustent\u00e1vel e a excel\u00eancia passa por metas claras, planejamento estrat\u00e9gico e compromisso com a qualidade. Como empresa especializada em pavimenta\u00e7\u00e3o, nosso foco est\u00e1 n\u00e3o apenas em entregar obras com alto padr\u00e3o t\u00e9cnico,&hellip;<\/p>\n","protected":false},"author":1,"featured_media":0,"parent":0,"menu_order":0,"comment_status":"closed","ping_status":"closed","template":"elementor_header_footer","meta":{"footnotes":""},"class_list":["post-2220","page","type-page","status-publish","hentry"],"_links":{"self":[{"href":"https:\/\/alvespavimentacao.com.br\/novo\/wp-json\/wp\/v2\/pages\/2220","targetHints":{"allow":["GET"]}}],"collection":[{"href":"https:\/\/alvespavimentacao.com.br\/novo\/wp-json\/wp\/v2\/pages"}],"about":[{"href":"https:\/\/alvespavimentacao.com.br\/novo\/wp-json\/wp\/v2\/types\/page"}],"author":[{"embeddable":true,"href":"https:\/\/alvespavimentacao.com.br\/novo\/wp-json\/wp\/v2\/users\/1"}],"replies":[{"embeddable":true,"href":"https:\/\/alvespavimentacao.com.br\/novo\/wp-json\/wp\/v2\/comments?post=2220"}],"version-history":[{"count":51,"href":"https:\/\/alvespavimentacao.com.br\/novo\/wp-json\/wp\/v2\/pages\/2220\/revisions"}],"predecessor-version":[{"id":3049,"href":"https:\/\/alvespavimentacao.com.br\/novo\/wp-json\/wp\/v2\/pages\/2220\/revisions\/3049"}],"wp:attachment":[{"href":"https:\/\/alvespavimentacao.com.br\/novo\/wp-json\/wp\/v2\/media?parent=2220"}],"curies":[{"name":"wp","href":"https:\/\/api.w.org\/{rel}","templated":true}]}}