{"id":2234,"date":"2025-08-19T23:54:51","date_gmt":"2025-08-19T23:54:51","guid":{"rendered":"https:\/\/alvespavimentacao.com.br\/novo\/?page_id=2234"},"modified":"2025-08-20T00:07:11","modified_gmt":"2025-08-20T00:07:11","slug":"a-empresa","status":"publish","type":"page","link":"https:\/\/alvespavimentacao.com.br\/novo\/a-empresa\/","title":{"rendered":"A Empresa"},"content":{"rendered":"\t\t<div data-elementor-type=\"wp-page\" data-elementor-id=\"2234\" class=\"elementor elementor-2234\">\n\t\t\t\t<div class=\"elementor-element elementor-element-fec996e e-flex e-con-boxed e-con e-parent\" data-id=\"fec996e\" data-element_type=\"container\" data-e-type=\"container\">\n\t\t\t\t\t<div class=\"e-con-inner\">\n\t\t<div class=\"elementor-element elementor-element-87b522f e-con-full e-flex e-con e-child\" data-id=\"87b522f\" data-element_type=\"container\" data-e-type=\"container\">\n\t\t<div class=\"elementor-element elementor-element-d7fc40f e-con-full e-flex e-con e-child\" data-id=\"d7fc40f\" data-element_type=\"container\" data-e-type=\"container\" data-settings=\"{&quot;background_background&quot;:&quot;classic&quot;}\">\n\t\t\t\t<div class=\"elementor-element elementor-element-bb3f09d elementor-widget__width-inherit elementor-widget elementor-widget-image\" data-id=\"bb3f09d\" data-element_type=\"widget\" data-e-type=\"widget\" data-widget_type=\"image.default\">\n\t\t\t\t\t\t\t\t\t\t\t\t\t\t\t<img decoding=\"async\" data-src=\"https:\/\/alvespavimentacao.com.br\/novo\/wp-content\/uploads\/elementor\/thumbs\/Logo-ArqPav-raichgc6svzkmllvow63ofxbxjhjfzzuyupvv3b174.png\" title=\"Logo ArqPav\" alt=\"Logo ArqPav\" src=\"data:image\/svg+xml;base64,PHN2ZyB3aWR0aD0iMSIgaGVpZ2h0PSIxIiB4bWxucz0iaHR0cDovL3d3dy53My5vcmcvMjAwMC9zdmciPjwvc3ZnPg==\" class=\"lazyload\" style=\"--smush-placeholder-width: 200px; --smush-placeholder-aspect-ratio: 200\/200;\" \/>\t\t\t\t\t\t\t\t\t\t\t\t\t\t\t<\/div>\n\t\t\t\t<\/div>\n\t\t<div class=\"elementor-element elementor-element-891711c e-con-full e-flex e-con e-child\" data-id=\"891711c\" data-element_type=\"container\" data-e-type=\"container\" data-settings=\"{&quot;background_background&quot;:&quot;classic&quot;}\">\n\t\t<div class=\"elementor-element elementor-element-6b51c4b e-con-full e-flex e-con e-child\" data-id=\"6b51c4b\" data-element_type=\"container\" data-e-type=\"container\" data-settings=\"{&quot;background_background&quot;:&quot;classic&quot;}\">\n\t\t\t\t<div class=\"elementor-element elementor-element-0978e7d elementor-widget elementor-widget-heading\" data-id=\"0978e7d\" data-element_type=\"widget\" data-e-type=\"widget\" data-widget_type=\"heading.default\">\n\t\t\t\t\t<h2 class=\"elementor-heading-title elementor-size-default\">A EMPRESA<\/h2>\t\t\t\t<\/div>\n\t\t\t\t<div class=\"elementor-element elementor-element-6acad41 elementor-widget elementor-widget-text-editor\" data-id=\"6acad41\" data-element_type=\"widget\" data-e-type=\"widget\" data-widget_type=\"text-editor.default\">\n\t\t\t\t\t\t\t\t\t<p><span style=\"vertical-align: inherit;\"><span style=\"vertical-align: inherit;\"><span style=\"vertical-align: inherit;\"><span style=\"vertical-align: inherit;\"><span style=\"vertical-align: inherit;\"><span style=\"vertical-align: inherit;\">&nbsp;<\/span><\/span><\/span><\/span><\/span><\/span><\/p>\n<div>\n<p><strong data-start=\"195\" data-end=\"214\" style=\"color: inherit; font-family: inherit; font-size: 24px; letter-spacing: -0.02em;\">Sobre a Empresa<\/strong><\/p><div><strong data-start=\"195\" data-end=\"214\"><br><\/strong><\/div><p data-start=\"216\" data-end=\"615\">A <b>Alves Pavimenta\u00e7\u00e3o<\/b> \u00e9 uma empresa especializada no segmento de pavimenta\u00e7\u00e3o, atuando com excel\u00eancia na constru\u00e7\u00e3o e manuten\u00e7\u00e3o de vias urbanas, rodovias, acessos industriais, estacionamentos, cal\u00e7amentos e obras de infraestrutura em geral. Com uma equipe altamente qualificada, entregamos solu\u00e7\u00f5es eficientes, dur\u00e1veis e alinhadas \u00e0s necessidades de nossos clientes.<\/p><p data-start=\"617\" data-end=\"946\">Desde a nossa funda\u00e7\u00e3o, buscamos oferecer mais do que obras: oferecemos compromisso com a qualidade, pontualidade e seguran\u00e7a em cada etapa do processo.&nbsp;<\/p><p data-start=\"617\" data-end=\"946\">Trabalhamos com diferentes tipos de pavimenta\u00e7\u00e3o, como asfalto (CBUQ), pavimento intertravado, revestimento prim\u00e1rio e servi\u00e7os de terraplenagem entre outros.<\/p><p data-start=\"948\" data-end=\"1212\">Nosso foco \u00e9 a satisfa\u00e7\u00e3o do cliente, o respeito ao meio ambiente e a melhoria cont\u00ednua dos nossos processos.&nbsp;<\/p><p data-start=\"948\" data-end=\"1212\">Atendemos no setor privado, atendendo construtoras, empresas de log\u00edstica, ind\u00fastrias e loteadoras em diversas regi\u00f5es.<\/p><p data-start=\"1214\" data-end=\"1437\">Com uma vis\u00e3o de futuro voltada para a inova\u00e7\u00e3o, a Alves Pavimenta\u00e7\u00e3o se destaca pela seriedade, transpar\u00eancia e comprometimento com resultados que transformam realidades e impulsionam o desenvolvimento.<\/p><p>\n\n\n\n\n<\/p><p data-start=\"1439\" data-end=\"1518\"><strong data-start=\"1439\" data-end=\"1518\">Alves Pavimenta\u00e7\u00e3o \u2014 Pavimentando caminhos com qualidade e responsabilidade.<\/strong><\/p>\n<\/div>\t\t\t\t\t\t\t\t<\/div>\n\t\t\t\t<div class=\"elementor-element elementor-element-5b229c7 elementor-widget elementor-widget-text-editor\" data-id=\"5b229c7\" data-element_type=\"widget\" data-e-type=\"widget\" data-widget_type=\"text-editor.default\">\n\t\t\t\t\t\t\t\t\t<p><span style=\"vertical-align: inherit;\"><span style=\"vertical-align: inherit;\"><span style=\"vertical-align: inherit;\"><span style=\"vertical-align: inherit;\"><span style=\"vertical-align: inherit;\"><span style=\"vertical-align: inherit;\"><span style=\"vertical-align: inherit;\"><span style=\"vertical-align: inherit;\">ATENDEMOS:<\/span><\/span><\/span><\/span><\/span><\/span><\/span><\/span><\/p>\t\t\t\t\t\t\t\t<\/div>\n\t\t\t\t<div class=\"elementor-element elementor-element-fc68bb9 elementor-widget elementor-widget-text-editor\" data-id=\"fc68bb9\" data-element_type=\"widget\" data-e-type=\"widget\" data-widget_type=\"text-editor.default\">\n\t\t\t\t\t\t\t\t\t<p>\u00a0<br \/><span style=\"font-family: Montserrat, sans-serif; font-size: 15px; text-align: start;\">Industrias<\/span><br style=\"padding: 0px; margin: 0px; overflow-wrap: break-word; font-family: Montserrat, sans-serif; font-size: 15px; text-align: start;\" \/><span style=\"font-family: Montserrat, sans-serif; font-size: 15px; text-align: start;\">Com\u00e9rcio e Residencial;<\/span><br style=\"padding: 0px; margin: 0px; overflow-wrap: break-word; font-family: Montserrat, sans-serif; font-size: 15px; text-align: start;\" \/><span style=\"font-family: Montserrat, sans-serif; font-size: 15px; text-align: start;\">Condom\u00ednio Residencial;<\/span><br style=\"padding: 0px; margin: 0px; overflow-wrap: break-word; font-family: Montserrat, sans-serif; font-size: 15px; text-align: start;\" \/><span style=\"font-family: Montserrat, sans-serif; font-size: 15px; text-align: start;\">Lojas;<\/span><br style=\"padding: 0px; margin: 0px; overflow-wrap: break-word; font-family: Montserrat, sans-serif; font-size: 15px; text-align: start;\" \/><span style=\"font-family: Montserrat, sans-serif; font-size: 15px; text-align: start;\">Shoppings;<\/span><br style=\"padding: 0px; margin: 0px; overflow-wrap: break-word; font-family: Montserrat, sans-serif; font-size: 15px; text-align: start;\" \/><span style=\"font-family: Montserrat, sans-serif; font-size: 15px; text-align: start;\">Estacionamentos;<\/span><br style=\"padding: 0px; margin: 0px; overflow-wrap: break-word; font-family: Montserrat, sans-serif; font-size: 15px; text-align: start;\" \/><span style=\"font-family: Montserrat, sans-serif; font-size: 15px; text-align: start;\">Galp\u00f5es Empresas;<\/span><br style=\"padding: 0px; margin: 0px; overflow-wrap: break-word; font-family: Montserrat, sans-serif; font-size: 15px; text-align: start;\" \/><span style=\"font-family: Montserrat, sans-serif; font-size: 15px; text-align: start;\">Entre outros;<\/span><\/p>\t\t\t\t\t\t\t\t<\/div>\n\t\t\t\t<\/div>\n\t\t<div class=\"elementor-element elementor-element-90f28a6 e-con-full e-flex e-con e-child\" data-id=\"90f28a6\" data-element_type=\"container\" data-e-type=\"container\" data-settings=\"{&quot;background_background&quot;:&quot;classic&quot;}\">\n\t\t\t\t<div class=\"elementor-element elementor-element-2e19248 elementor-widget elementor-widget-image\" data-id=\"2e19248\" data-element_type=\"widget\" data-e-type=\"widget\" data-widget_type=\"image.default\">\n\t\t\t\t\t\t\t\t\t\t\t\t\t\t\t<img fetchpriority=\"high\" decoding=\"async\" width=\"1016\" height=\"623\" src=\"https:\/\/alvespavimentacao.com.br\/novo\/wp-content\/uploads\/2025\/08\/imported-photo-108491.jpeg.88ecfbea4bddf806bc53b90ecb340845.jpg\" class=\"attachment-full size-full wp-image-1954\" alt=\"\" srcset=\"https:\/\/alvespavimentacao.com.br\/novo\/wp-content\/uploads\/2025\/08\/imported-photo-108491.jpeg.88ecfbea4bddf806bc53b90ecb340845.jpg 1016w, https:\/\/alvespavimentacao.com.br\/novo\/wp-content\/uploads\/2025\/08\/imported-photo-108491.jpeg.88ecfbea4bddf806bc53b90ecb340845-300x184.jpg 300w, https:\/\/alvespavimentacao.com.br\/novo\/wp-content\/uploads\/2025\/08\/imported-photo-108491.jpeg.88ecfbea4bddf806bc53b90ecb340845-768x471.jpg 768w\" sizes=\"(max-width: 1016px) 100vw, 1016px\" \/>\t\t\t\t\t\t\t\t\t\t\t\t\t\t\t<\/div>\n\t\t\t\t<div class=\"elementor-element elementor-element-3e042d0 elementor-widget elementor-widget-text-editor\" data-id=\"3e042d0\" data-element_type=\"widget\" data-e-type=\"widget\" data-widget_type=\"text-editor.default\">\n\t\t\t\t\t\t\t\t\t<p>Se voc\u00ea est\u00e1 buscando <strong data-start=\"372\" data-end=\"427\">servi\u00e7o de pavimenta\u00e7\u00e3o asf\u00e1ltica de alta qualidade<\/strong>, est\u00e1 no lugar certo. Atuamos com tecnologia moderna, equipe especializada e materiais de primeira linha para garantir <strong data-start=\"547\" data-end=\"606\">asfalto dur\u00e1vel, seguro e com excelente custo-benef\u00edcio<\/strong>.<\/p><p data-start=\"609\" data-end=\"845\">A <strong data-start=\"611\" data-end=\"637\">pavimenta\u00e7\u00e3o asf\u00e1ltica<\/strong> \u00e9 a escolha ideal para <strong data-start=\"661\" data-end=\"740\">estradas, ruas, avenidas, estacionamentos, p\u00e1tios industriais e condom\u00ednios<\/strong>, oferecendo n\u00e3o s\u00f3 <strong data-start=\"760\" data-end=\"793\">resist\u00eancia ao tr\u00e1fego pesado<\/strong>, como tamb\u00e9m conforto e seguran\u00e7a para os usu\u00e1rios.<\/p><p data-start=\"609\" data-end=\"845\">Entre em contato agora mesmo e descubra como podemos transformar seu projeto com <strong data-start=\"2461\" data-end=\"2508\">asfalto de qualidade e excelente acabamento<\/strong>.<\/p>\t\t\t\t\t\t\t\t<\/div>\n\t\t\t\t<\/div>\n\t\t\t\t<\/div>\n\t\t\t\t<\/div>\n\t\t\t\t\t<\/div>\n\t\t\t\t<\/div>\n\t\t\t\t<\/div>\n\t\t","protected":false},"excerpt":{"rendered":"<p>A EMPRESA &nbsp; Sobre a Empresa A Alves Pavimenta\u00e7\u00e3o \u00e9 uma empresa especializada no segmento de pavimenta\u00e7\u00e3o, atuando com excel\u00eancia na constru\u00e7\u00e3o e manuten\u00e7\u00e3o de vias urbanas, rodovias, acessos industriais, estacionamentos, cal\u00e7amentos e obras de infraestrutura em geral. Com uma equipe altamente qualificada, entregamos solu\u00e7\u00f5es&hellip;<\/p>\n","protected":false},"author":1,"featured_media":0,"parent":0,"menu_order":0,"comment_status":"closed","ping_status":"closed","template":"elementor_header_footer","meta":{"footnotes":""},"class_list":["post-2234","page","type-page","status-publish","hentry"],"_links":{"self":[{"href":"https:\/\/alvespavimentacao.com.br\/novo\/wp-json\/wp\/v2\/pages\/2234","targetHints":{"allow":["GET"]}}],"collection":[{"href":"https:\/\/alvespavimentacao.com.br\/novo\/wp-json\/wp\/v2\/pages"}],"about":[{"href":"https:\/\/alvespavimentacao.com.br\/novo\/wp-json\/wp\/v2\/types\/page"}],"author":[{"embeddable":true,"href":"https:\/\/alvespavimentacao.com.br\/novo\/wp-json\/wp\/v2\/users\/1"}],"replies":[{"embeddable":true,"href":"https:\/\/alvespavimentacao.com.br\/novo\/wp-json\/wp\/v2\/comments?post=2234"}],"version-history":[{"count":11,"href":"https:\/\/alvespavimentacao.com.br\/novo\/wp-json\/wp\/v2\/pages\/2234\/revisions"}],"predecessor-version":[{"id":2248,"href":"https:\/\/alvespavimentacao.com.br\/novo\/wp-json\/wp\/v2\/pages\/2234\/revisions\/2248"}],"wp:attachment":[{"href":"https:\/\/alvespavimentacao.com.br\/novo\/wp-json\/wp\/v2\/media?parent=2234"}],"curies":[{"name":"wp","href":"https:\/\/api.w.org\/{rel}","templated":true}]}}